{"id":236,"date":"2020-09-27T17:10:06","date_gmt":"2020-09-27T21:10:06","guid":{"rendered":"https:\/\/dravellanet.com\/?page_id=236"},"modified":"2025-07-24T18:58:19","modified_gmt":"2025-07-24T22:58:19","slug":"capacitacion-quirurgica","status":"publish","type":"page","link":"https:\/\/dravellanet.com\/es\/global\/capacitacion-quirurgica\/","title":{"rendered":"Capacitaci\u00f3n Quir\u00fargica"},"content":{"rendered":"","protected":false},"excerpt":{"rendered":"","protected":false},"author":1,"featured_media":0,"parent":3469,"menu_order":0,"comment_status":"closed","ping_status":"closed","template":"page-templates\/training.php","meta":{"_acf_changed":false,"_monsterinsights_skip_tracking":false,"_monsterinsights_sitenote_active":false,"_monsterinsights_sitenote_note":"","_monsterinsights_sitenote_category":0,"jetpack_post_was_ever_published":false,"footnotes":""},"class_list":["post-236","page","type-page","status-publish","hentry"],"acf":[],"yoast_head":"<!-- This site is optimized with the Yoast SEO plugin v27.4 - https:\/\/yoast.com\/product\/yoast-seo-wordpress\/ -->\n<title>Capacitaci\u00f3n Quir\u00fargica - Avellanet Surgical Aesthetics<\/title>\n<meta name=\"description\" content=\"El entrenamiento quir\u00fargico de conserjer\u00eda de est\u00e9tica quir\u00fargica de Avellanet est\u00e1 dise\u00f1ado como una experiencia totalmente pr\u00e1ctica en el quir\u00f3fano.\" \/>\n<meta name=\"robots\" content=\"index, follow, max-snippet:-1, max-image-preview:large, max-video-preview:-1\" \/>\n<link rel=\"canonical\" href=\"https:\/\/dravellanet.com\/es\/global\/capacitacion-quirurgica\/\" \/>\n<meta property=\"og:locale\" content=\"es_ES\" \/>\n<meta property=\"og:type\" content=\"article\" \/>\n<meta property=\"og:title\" content=\"Capacitaci\u00f3n Quir\u00fargica - Avellanet Surgical Aesthetics\" \/>\n<meta property=\"og:description\" content=\"El entrenamiento quir\u00fargico de conserjer\u00eda de est\u00e9tica quir\u00fargica de Avellanet est\u00e1 dise\u00f1ado como una experiencia totalmente pr\u00e1ctica en el quir\u00f3fano.\" \/>\n<meta property=\"og:url\" content=\"https:\/\/dravellanet.com\/es\/global\/capacitacion-quirurgica\/\" \/>\n<meta property=\"og:site_name\" content=\"Avellanet Surgical Aesthetics\" \/>\n<meta property=\"article:modified_time\" content=\"2025-07-24T22:58:19+00:00\" \/>\n<meta name=\"twitter:card\" content=\"summary_large_image\" \/>\n<script type=\"application\/ld+json\" class=\"yoast-schema-graph\">{\"@context\":\"https:\\\/\\\/schema.org\",\"@graph\":[{\"@type\":\"WebPage\",\"@id\":\"https:\\\/\\\/dravellanet.com\\\/es\\\/global\\\/capacitacion-quirurgica\\\/\",\"url\":\"https:\\\/\\\/dravellanet.com\\\/es\\\/global\\\/capacitacion-quirurgica\\\/\",\"name\":\"Capacitaci\u00f3n Quir\u00fargica - Avellanet Surgical Aesthetics\",\"isPartOf\":{\"@id\":\"https:\\\/\\\/dravellanet.com\\\/es\\\/#website\"},\"datePublished\":\"2020-09-27T21:10:06+00:00\",\"dateModified\":\"2025-07-24T22:58:19+00:00\",\"description\":\"El entrenamiento quir\u00fargico de conserjer\u00eda de est\u00e9tica quir\u00fargica de Avellanet est\u00e1 dise\u00f1ado como una experiencia totalmente pr\u00e1ctica en el quir\u00f3fano.\",\"breadcrumb\":{\"@id\":\"https:\\\/\\\/dravellanet.com\\\/es\\\/global\\\/capacitacion-quirurgica\\\/#breadcrumb\"},\"inLanguage\":\"es\",\"potentialAction\":[{\"@type\":\"ReadAction\",\"target\":[\"https:\\\/\\\/dravellanet.com\\\/es\\\/global\\\/capacitacion-quirurgica\\\/\"]}]},{\"@type\":\"BreadcrumbList\",\"@id\":\"https:\\\/\\\/dravellanet.com\\\/es\\\/global\\\/capacitacion-quirurgica\\\/#breadcrumb\",\"itemListElement\":[{\"@type\":\"ListItem\",\"position\":1,\"name\":\"Inicio\",\"item\":\"https:\\\/\\\/dravellanet.com\\\/es\\\/\"},{\"@type\":\"ListItem\",\"position\":2,\"name\":\"ASA Global\",\"item\":\"https:\\\/\\\/dravellanet.com\\\/es\\\/global\\\/\"},{\"@type\":\"ListItem\",\"position\":3,\"name\":\"Capacitaci\u00f3n Quir\u00fargica\"}]},{\"@type\":\"WebSite\",\"@id\":\"https:\\\/\\\/dravellanet.com\\\/es\\\/#website\",\"url\":\"https:\\\/\\\/dravellanet.com\\\/es\\\/\",\"name\":\"Avellanet Surgical Aesthetics\",\"description\":\"\",\"publisher\":{\"@id\":\"https:\\\/\\\/dravellanet.com\\\/es\\\/#organization\"},\"potentialAction\":[{\"@type\":\"SearchAction\",\"target\":{\"@type\":\"EntryPoint\",\"urlTemplate\":\"https:\\\/\\\/dravellanet.com\\\/es\\\/?s={search_term_string}\"},\"query-input\":{\"@type\":\"PropertyValueSpecification\",\"valueRequired\":true,\"valueName\":\"search_term_string\"}}],\"inLanguage\":\"es\"},{\"@type\":\"Organization\",\"@id\":\"https:\\\/\\\/dravellanet.com\\\/es\\\/#organization\",\"name\":\"Avellanet Surgical Aesthetics\",\"url\":\"https:\\\/\\\/dravellanet.com\\\/es\\\/\",\"logo\":{\"@type\":\"ImageObject\",\"inLanguage\":\"es\",\"@id\":\"https:\\\/\\\/dravellanet.com\\\/es\\\/#\\\/schema\\\/logo\\\/image\\\/\",\"url\":\"https:\\\/\\\/dravellanet.com\\\/wp-content\\\/uploads\\\/2023\\\/03\\\/Avellanet_Logo_Pink_sm.png\",\"contentUrl\":\"https:\\\/\\\/dravellanet.com\\\/wp-content\\\/uploads\\\/2023\\\/03\\\/Avellanet_Logo_Pink_sm.png\",\"width\":576,\"height\":392,\"caption\":\"Avellanet Surgical Aesthetics\"},\"image\":{\"@id\":\"https:\\\/\\\/dravellanet.com\\\/es\\\/#\\\/schema\\\/logo\\\/image\\\/\"}}]}<\/script>\n<!-- \/ Yoast SEO plugin. -->","yoast_head_json":{"title":"Capacitaci\u00f3n Quir\u00fargica - Avellanet Surgical Aesthetics","description":"El entrenamiento quir\u00fargico de conserjer\u00eda de est\u00e9tica quir\u00fargica de Avellanet est\u00e1 dise\u00f1ado como una experiencia totalmente pr\u00e1ctica en el quir\u00f3fano.","robots":{"index":"index","follow":"follow","max-snippet":"max-snippet:-1","max-image-preview":"max-image-preview:large","max-video-preview":"max-video-preview:-1"},"canonical":"https:\/\/dravellanet.com\/es\/global\/capacitacion-quirurgica\/","og_locale":"es_ES","og_type":"article","og_title":"Capacitaci\u00f3n Quir\u00fargica - Avellanet Surgical Aesthetics","og_description":"El entrenamiento quir\u00fargico de conserjer\u00eda de est\u00e9tica quir\u00fargica de Avellanet est\u00e1 dise\u00f1ado como una experiencia totalmente pr\u00e1ctica en el quir\u00f3fano.","og_url":"https:\/\/dravellanet.com\/es\/global\/capacitacion-quirurgica\/","og_site_name":"Avellanet Surgical Aesthetics","article_modified_time":"2025-07-24T22:58:19+00:00","twitter_card":"summary_large_image","schema":{"@context":"https:\/\/schema.org","@graph":[{"@type":"WebPage","@id":"https:\/\/dravellanet.com\/es\/global\/capacitacion-quirurgica\/","url":"https:\/\/dravellanet.com\/es\/global\/capacitacion-quirurgica\/","name":"Capacitaci\u00f3n Quir\u00fargica - Avellanet Surgical Aesthetics","isPartOf":{"@id":"https:\/\/dravellanet.com\/es\/#website"},"datePublished":"2020-09-27T21:10:06+00:00","dateModified":"2025-07-24T22:58:19+00:00","description":"El entrenamiento quir\u00fargico de conserjer\u00eda de est\u00e9tica quir\u00fargica de Avellanet est\u00e1 dise\u00f1ado como una experiencia totalmente pr\u00e1ctica en el quir\u00f3fano.","breadcrumb":{"@id":"https:\/\/dravellanet.com\/es\/global\/capacitacion-quirurgica\/#breadcrumb"},"inLanguage":"es","potentialAction":[{"@type":"ReadAction","target":["https:\/\/dravellanet.com\/es\/global\/capacitacion-quirurgica\/"]}]},{"@type":"BreadcrumbList","@id":"https:\/\/dravellanet.com\/es\/global\/capacitacion-quirurgica\/#breadcrumb","itemListElement":[{"@type":"ListItem","position":1,"name":"Inicio","item":"https:\/\/dravellanet.com\/es\/"},{"@type":"ListItem","position":2,"name":"ASA Global","item":"https:\/\/dravellanet.com\/es\/global\/"},{"@type":"ListItem","position":3,"name":"Capacitaci\u00f3n Quir\u00fargica"}]},{"@type":"WebSite","@id":"https:\/\/dravellanet.com\/es\/#website","url":"https:\/\/dravellanet.com\/es\/","name":"Avellanet Surgical Aesthetics","description":"","publisher":{"@id":"https:\/\/dravellanet.com\/es\/#organization"},"potentialAction":[{"@type":"SearchAction","target":{"@type":"EntryPoint","urlTemplate":"https:\/\/dravellanet.com\/es\/?s={search_term_string}"},"query-input":{"@type":"PropertyValueSpecification","valueRequired":true,"valueName":"search_term_string"}}],"inLanguage":"es"},{"@type":"Organization","@id":"https:\/\/dravellanet.com\/es\/#organization","name":"Avellanet Surgical Aesthetics","url":"https:\/\/dravellanet.com\/es\/","logo":{"@type":"ImageObject","inLanguage":"es","@id":"https:\/\/dravellanet.com\/es\/#\/schema\/logo\/image\/","url":"https:\/\/dravellanet.com\/wp-content\/uploads\/2023\/03\/Avellanet_Logo_Pink_sm.png","contentUrl":"https:\/\/dravellanet.com\/wp-content\/uploads\/2023\/03\/Avellanet_Logo_Pink_sm.png","width":576,"height":392,"caption":"Avellanet Surgical Aesthetics"},"image":{"@id":"https:\/\/dravellanet.com\/es\/#\/schema\/logo\/image\/"}}]}},"jetpack_sharing_enabled":true,"_links":{"self":[{"href":"https:\/\/dravellanet.com\/es\/wp-json\/wp\/v2\/pages\/236","targetHints":{"allow":["GET"]}}],"collection":[{"href":"https:\/\/dravellanet.com\/es\/wp-json\/wp\/v2\/pages"}],"about":[{"href":"https:\/\/dravellanet.com\/es\/wp-json\/wp\/v2\/types\/page"}],"author":[{"embeddable":true,"href":"https:\/\/dravellanet.com\/es\/wp-json\/wp\/v2\/users\/1"}],"replies":[{"embeddable":true,"href":"https:\/\/dravellanet.com\/es\/wp-json\/wp\/v2\/comments?post=236"}],"version-history":[{"count":3,"href":"https:\/\/dravellanet.com\/es\/wp-json\/wp\/v2\/pages\/236\/revisions"}],"predecessor-version":[{"id":1435,"href":"https:\/\/dravellanet.com\/es\/wp-json\/wp\/v2\/pages\/236\/revisions\/1435"}],"up":[{"embeddable":true,"href":"https:\/\/dravellanet.com\/es\/wp-json\/wp\/v2\/pages\/3469"}],"wp:attachment":[{"href":"https:\/\/dravellanet.com\/es\/wp-json\/wp\/v2\/media?parent=236"}],"curies":[{"name":"wp","href":"https:\/\/api.w.org\/{rel}","templated":true}]}}