{"id":239,"date":"2020-09-27T20:39:26","date_gmt":"2020-09-28T00:39:26","guid":{"rendered":"https:\/\/dravellanet.com\/?page_id=239"},"modified":"2025-07-24T19:04:33","modified_gmt":"2025-07-24T23:04:33","slug":"dra","status":"publish","type":"page","link":"https:\/\/dravellanet.com\/es\/equipo\/dra\/","title":{"rendered":"Dra. Avellanet"},"content":{"rendered":"","protected":false},"excerpt":{"rendered":"","protected":false},"author":1,"featured_media":0,"parent":3212,"menu_order":0,"comment_status":"closed","ping_status":"closed","template":"page-templates\/about.php","meta":{"_acf_changed":false,"_monsterinsights_skip_tracking":false,"_monsterinsights_sitenote_active":false,"_monsterinsights_sitenote_note":"","_monsterinsights_sitenote_category":0,"jetpack_post_was_ever_published":false,"footnotes":""},"class_list":["post-239","page","type-page","status-publish","hentry"],"acf":[],"yoast_head":"<!-- This site is optimized with the Yoast SEO plugin v27.4 - https:\/\/yoast.com\/product\/yoast-seo-wordpress\/ -->\n<title>Dra. Avellanet - Avellanet Surgical Aesthetics<\/title>\n<meta name=\"description\" content=\"Al mirar a la Dra. Yaniris R. Avellanet, se puede ver que se preocupa por la belleza; hablando con ella, puede escuchar que ella tambi\u00e9n lo sabe. El Dr. Avellanet comprende, y vive, la importancia de la belleza. Ya sea aprendiendo a realizar los \u00faltimos procedimientos o recibiendo un tratamiento cosm\u00e9tico, no podr\u00eda estar en mejores manos.\" \/>\n<meta name=\"robots\" content=\"index, follow, max-snippet:-1, max-image-preview:large, max-video-preview:-1\" \/>\n<link rel=\"canonical\" href=\"https:\/\/dravellanet.com\/es\/equipo\/dra\/\" \/>\n<meta property=\"og:locale\" content=\"es_ES\" \/>\n<meta property=\"og:type\" content=\"article\" \/>\n<meta property=\"og:title\" content=\"Dra. Avellanet - Avellanet Surgical Aesthetics\" \/>\n<meta property=\"og:description\" content=\"Al mirar a la Dra. Yaniris R. Avellanet, se puede ver que se preocupa por la belleza; hablando con ella, puede escuchar que ella tambi\u00e9n lo sabe. El Dr. Avellanet comprende, y vive, la importancia de la belleza. Ya sea aprendiendo a realizar los \u00faltimos procedimientos o recibiendo un tratamiento cosm\u00e9tico, no podr\u00eda estar en mejores manos.\" \/>\n<meta property=\"og:url\" content=\"https:\/\/dravellanet.com\/es\/equipo\/dra\/\" \/>\n<meta property=\"og:site_name\" content=\"Avellanet Surgical Aesthetics\" \/>\n<meta property=\"article:modified_time\" content=\"2025-07-24T23:04:33+00:00\" \/>\n<meta name=\"twitter:card\" content=\"summary_large_image\" \/>\n<script type=\"application\/ld+json\" class=\"yoast-schema-graph\">{\"@context\":\"https:\\\/\\\/schema.org\",\"@graph\":[{\"@type\":\"WebPage\",\"@id\":\"https:\\\/\\\/dravellanet.com\\\/es\\\/equipo\\\/dra\\\/\",\"url\":\"https:\\\/\\\/dravellanet.com\\\/es\\\/equipo\\\/dra\\\/\",\"name\":\"Dra. Avellanet - Avellanet Surgical Aesthetics\",\"isPartOf\":{\"@id\":\"https:\\\/\\\/dravellanet.com\\\/es\\\/#website\"},\"datePublished\":\"2020-09-28T00:39:26+00:00\",\"dateModified\":\"2025-07-24T23:04:33+00:00\",\"description\":\"Al mirar a la Dra. Yaniris R. Avellanet, se puede ver que se preocupa por la belleza; hablando con ella, puede escuchar que ella tambi\u00e9n lo sabe. El Dr. Avellanet comprende, y vive, la importancia de la belleza. Ya sea aprendiendo a realizar los \u00faltimos procedimientos o recibiendo un tratamiento cosm\u00e9tico, no podr\u00eda estar en mejores manos.\",\"breadcrumb\":{\"@id\":\"https:\\\/\\\/dravellanet.com\\\/es\\\/equipo\\\/dra\\\/#breadcrumb\"},\"inLanguage\":\"es\",\"potentialAction\":[{\"@type\":\"ReadAction\",\"target\":[\"https:\\\/\\\/dravellanet.com\\\/es\\\/equipo\\\/dra\\\/\"]}]},{\"@type\":\"BreadcrumbList\",\"@id\":\"https:\\\/\\\/dravellanet.com\\\/es\\\/equipo\\\/dra\\\/#breadcrumb\",\"itemListElement\":[{\"@type\":\"ListItem\",\"position\":1,\"name\":\"Inicio\",\"item\":\"https:\\\/\\\/dravellanet.com\\\/es\\\/\"},{\"@type\":\"ListItem\",\"position\":2,\"name\":\"Miembros del Equipo\",\"item\":\"https:\\\/\\\/dravellanet.com\\\/es\\\/equipo\\\/\"},{\"@type\":\"ListItem\",\"position\":3,\"name\":\"Dra. Avellanet\"}]},{\"@type\":\"WebSite\",\"@id\":\"https:\\\/\\\/dravellanet.com\\\/es\\\/#website\",\"url\":\"https:\\\/\\\/dravellanet.com\\\/es\\\/\",\"name\":\"Avellanet Surgical Aesthetics\",\"description\":\"\",\"publisher\":{\"@id\":\"https:\\\/\\\/dravellanet.com\\\/es\\\/#organization\"},\"potentialAction\":[{\"@type\":\"SearchAction\",\"target\":{\"@type\":\"EntryPoint\",\"urlTemplate\":\"https:\\\/\\\/dravellanet.com\\\/es\\\/?s={search_term_string}\"},\"query-input\":{\"@type\":\"PropertyValueSpecification\",\"valueRequired\":true,\"valueName\":\"search_term_string\"}}],\"inLanguage\":\"es\"},{\"@type\":\"Organization\",\"@id\":\"https:\\\/\\\/dravellanet.com\\\/es\\\/#organization\",\"name\":\"Avellanet Surgical Aesthetics\",\"url\":\"https:\\\/\\\/dravellanet.com\\\/es\\\/\",\"logo\":{\"@type\":\"ImageObject\",\"inLanguage\":\"es\",\"@id\":\"https:\\\/\\\/dravellanet.com\\\/es\\\/#\\\/schema\\\/logo\\\/image\\\/\",\"url\":\"https:\\\/\\\/dravellanet.com\\\/wp-content\\\/uploads\\\/2023\\\/03\\\/Avellanet_Logo_Pink_sm.png\",\"contentUrl\":\"https:\\\/\\\/dravellanet.com\\\/wp-content\\\/uploads\\\/2023\\\/03\\\/Avellanet_Logo_Pink_sm.png\",\"width\":576,\"height\":392,\"caption\":\"Avellanet Surgical Aesthetics\"},\"image\":{\"@id\":\"https:\\\/\\\/dravellanet.com\\\/es\\\/#\\\/schema\\\/logo\\\/image\\\/\"}}]}<\/script>\n<!-- \/ Yoast SEO plugin. -->","yoast_head_json":{"title":"Dra. Avellanet - Avellanet Surgical Aesthetics","description":"Al mirar a la Dra. Yaniris R. Avellanet, se puede ver que se preocupa por la belleza; hablando con ella, puede escuchar que ella tambi\u00e9n lo sabe. El Dr. Avellanet comprende, y vive, la importancia de la belleza. Ya sea aprendiendo a realizar los \u00faltimos procedimientos o recibiendo un tratamiento cosm\u00e9tico, no podr\u00eda estar en mejores manos.","robots":{"index":"index","follow":"follow","max-snippet":"max-snippet:-1","max-image-preview":"max-image-preview:large","max-video-preview":"max-video-preview:-1"},"canonical":"https:\/\/dravellanet.com\/es\/equipo\/dra\/","og_locale":"es_ES","og_type":"article","og_title":"Dra. Avellanet - Avellanet Surgical Aesthetics","og_description":"Al mirar a la Dra. Yaniris R. Avellanet, se puede ver que se preocupa por la belleza; hablando con ella, puede escuchar que ella tambi\u00e9n lo sabe. El Dr. Avellanet comprende, y vive, la importancia de la belleza. Ya sea aprendiendo a realizar los \u00faltimos procedimientos o recibiendo un tratamiento cosm\u00e9tico, no podr\u00eda estar en mejores manos.","og_url":"https:\/\/dravellanet.com\/es\/equipo\/dra\/","og_site_name":"Avellanet Surgical Aesthetics","article_modified_time":"2025-07-24T23:04:33+00:00","twitter_card":"summary_large_image","schema":{"@context":"https:\/\/schema.org","@graph":[{"@type":"WebPage","@id":"https:\/\/dravellanet.com\/es\/equipo\/dra\/","url":"https:\/\/dravellanet.com\/es\/equipo\/dra\/","name":"Dra. Avellanet - Avellanet Surgical Aesthetics","isPartOf":{"@id":"https:\/\/dravellanet.com\/es\/#website"},"datePublished":"2020-09-28T00:39:26+00:00","dateModified":"2025-07-24T23:04:33+00:00","description":"Al mirar a la Dra. Yaniris R. Avellanet, se puede ver que se preocupa por la belleza; hablando con ella, puede escuchar que ella tambi\u00e9n lo sabe. El Dr. Avellanet comprende, y vive, la importancia de la belleza. Ya sea aprendiendo a realizar los \u00faltimos procedimientos o recibiendo un tratamiento cosm\u00e9tico, no podr\u00eda estar en mejores manos.","breadcrumb":{"@id":"https:\/\/dravellanet.com\/es\/equipo\/dra\/#breadcrumb"},"inLanguage":"es","potentialAction":[{"@type":"ReadAction","target":["https:\/\/dravellanet.com\/es\/equipo\/dra\/"]}]},{"@type":"BreadcrumbList","@id":"https:\/\/dravellanet.com\/es\/equipo\/dra\/#breadcrumb","itemListElement":[{"@type":"ListItem","position":1,"name":"Inicio","item":"https:\/\/dravellanet.com\/es\/"},{"@type":"ListItem","position":2,"name":"Miembros del Equipo","item":"https:\/\/dravellanet.com\/es\/equipo\/"},{"@type":"ListItem","position":3,"name":"Dra. Avellanet"}]},{"@type":"WebSite","@id":"https:\/\/dravellanet.com\/es\/#website","url":"https:\/\/dravellanet.com\/es\/","name":"Avellanet Surgical Aesthetics","description":"","publisher":{"@id":"https:\/\/dravellanet.com\/es\/#organization"},"potentialAction":[{"@type":"SearchAction","target":{"@type":"EntryPoint","urlTemplate":"https:\/\/dravellanet.com\/es\/?s={search_term_string}"},"query-input":{"@type":"PropertyValueSpecification","valueRequired":true,"valueName":"search_term_string"}}],"inLanguage":"es"},{"@type":"Organization","@id":"https:\/\/dravellanet.com\/es\/#organization","name":"Avellanet Surgical Aesthetics","url":"https:\/\/dravellanet.com\/es\/","logo":{"@type":"ImageObject","inLanguage":"es","@id":"https:\/\/dravellanet.com\/es\/#\/schema\/logo\/image\/","url":"https:\/\/dravellanet.com\/wp-content\/uploads\/2023\/03\/Avellanet_Logo_Pink_sm.png","contentUrl":"https:\/\/dravellanet.com\/wp-content\/uploads\/2023\/03\/Avellanet_Logo_Pink_sm.png","width":576,"height":392,"caption":"Avellanet Surgical Aesthetics"},"image":{"@id":"https:\/\/dravellanet.com\/es\/#\/schema\/logo\/image\/"}}]}},"jetpack_sharing_enabled":false,"_links":{"self":[{"href":"https:\/\/dravellanet.com\/es\/wp-json\/wp\/v2\/pages\/239","targetHints":{"allow":["GET"]}}],"collection":[{"href":"https:\/\/dravellanet.com\/es\/wp-json\/wp\/v2\/pages"}],"about":[{"href":"https:\/\/dravellanet.com\/es\/wp-json\/wp\/v2\/types\/page"}],"author":[{"embeddable":true,"href":"https:\/\/dravellanet.com\/es\/wp-json\/wp\/v2\/users\/1"}],"replies":[{"embeddable":true,"href":"https:\/\/dravellanet.com\/es\/wp-json\/wp\/v2\/comments?post=239"}],"version-history":[{"count":3,"href":"https:\/\/dravellanet.com\/es\/wp-json\/wp\/v2\/pages\/239\/revisions"}],"predecessor-version":[{"id":3485,"href":"https:\/\/dravellanet.com\/es\/wp-json\/wp\/v2\/pages\/239\/revisions\/3485"}],"up":[{"embeddable":true,"href":"https:\/\/dravellanet.com\/es\/wp-json\/wp\/v2\/pages\/3212"}],"wp:attachment":[{"href":"https:\/\/dravellanet.com\/es\/wp-json\/wp\/v2\/media?parent=239"}],"curies":[{"name":"wp","href":"https:\/\/api.w.org\/{rel}","templated":true}]}}