{"id":1674,"date":"2022-08-13T22:41:17","date_gmt":"2022-08-14T02:41:17","guid":{"rendered":"https:\/\/dravellanet.com\/?post_type=product&#038;p=1674"},"modified":"2023-05-09T17:54:13","modified_gmt":"2023-05-09T21:54:13","slug":"canulas-precision-diamonds","status":"publish","type":"product","link":"https:\/\/dravellanet.com\/es\/producto\/canulas-precision-diamonds\/","title":{"rendered":"C\u00e1nulas Precision Diamonds\u00ae"},"content":{"rendered":"<p><strong>LA HISTORIA, EL POR QU\u00c9 Y EL C\u00d3MO:<\/strong><\/p>\n<p>Despu\u00e9s de miles de procedimientos de liposucci\u00f3n\/lipoescultura, lleg\u00f3 el momento de actualizar la c\u00e1nula de diamante. La c\u00e1nula de diamante fue inicialmente dise\u00f1ada por mi padre, el Dr. Carlos Avellanet, hace m\u00e1s de una d\u00e9cada. Se le ocurri\u00f3 que crear la punta de una c\u00e1nula con aberturas en forma de diamante colocadas estrat\u00e9gicamente en forma de espiral aumentar\u00eda la eficiencia de la c\u00e1nula para succionar la grasa durante un procedimiento de liposucci\u00f3n\/lipoescultura. En el 2019, despu\u00e9s de haber realizado personalmente miles de procedimientos de liposucci\u00f3n\/lipoescultura y despu\u00e9s de probar muchos dise\u00f1os de c\u00e1nulas, desarrollamos juntos una nueva versi\u00f3n de la c\u00e1nula de diamante.<\/p>\n<p>Despu\u00e9s de que mi padre colaborara con Clinimed hace muchos a\u00f1os, Clinimed y yo nos conocimos por casualidad e inmediatamente comenzamos a colaborar en este proyecto. Clinimed es una empresa familiar de cuarta generaci\u00f3n, por lo que entendieron de inmediato la importancia de ofrecer un producto \u00fanico y especial. Tomaron nuestro dise\u00f1o b\u00e1sico y desarrollaron las <em>Precision Diamonds\u00ae <small>(Patente Pendiente)<\/small><\/em>.<\/p>\n","protected":false},"excerpt":{"rendered":"<p>LA HISTORIA, EL POR QU\u00c9 Y EL C\u00d3MO: Despu\u00e9s de miles de procedimientos de liposucci\u00f3n\/lipoescultura, lleg\u00f3 el momento de actualizar la c\u00e1nula de diamante. La c\u00e1nula de diamante fue inicialmente [&hellip;]<\/p>\n","protected":false},"featured_media":2087,"comment_status":"closed","ping_status":"closed","template":"","meta":{"_acf_changed":false,"_monsterinsights_skip_tracking":false,"_monsterinsights_sitenote_active":false,"_monsterinsights_sitenote_note":"","_monsterinsights_sitenote_category":0,"jetpack_post_was_ever_published":false},"product_brand":[],"product_cat":[250],"product_tag":[],"class_list":{"0":"post-1674","1":"product","2":"type-product","3":"status-publish","4":"has-post-thumbnail","6":"product_cat-canulas","8":"first","9":"instock","10":"sold-individually","11":"taxable","12":"shipping-taxable","13":"purchasable","14":"product-type-variable","15":"has-default-attributes"},"acf":[],"yoast_head":"<!-- This site is optimized with the Yoast SEO plugin v27.3 - https:\/\/yoast.com\/product\/yoast-seo-wordpress\/ -->\n<title>C\u00e1nulas Precision Diamonds\u00ae - Avellanet Surgical Aesthetics<\/title>\n<meta name=\"robots\" content=\"index, follow, max-snippet:-1, max-image-preview:large, max-video-preview:-1\" \/>\n<link rel=\"canonical\" href=\"https:\/\/dravellanet.com\/es\/producto\/canulas-precision-diamonds\/\" \/>\n<meta property=\"og:locale\" content=\"es_ES\" \/>\n<meta property=\"og:type\" content=\"article\" \/>\n<meta property=\"og:title\" content=\"C\u00e1nulas Precision Diamonds\u00ae - Avellanet Surgical Aesthetics\" \/>\n<meta property=\"og:description\" content=\"LA HISTORIA, EL POR QU\u00c9 Y EL C\u00d3MO: Despu\u00e9s de miles de procedimientos de liposucci\u00f3n\/lipoescultura, lleg\u00f3 el momento de actualizar la c\u00e1nula de diamante. La c\u00e1nula de diamante fue inicialmente [&hellip;]\" \/>\n<meta property=\"og:url\" content=\"https:\/\/dravellanet.com\/es\/producto\/canulas-precision-diamonds\/\" \/>\n<meta property=\"og:site_name\" content=\"Avellanet Surgical Aesthetics\" \/>\n<meta property=\"article:modified_time\" content=\"2023-05-09T21:54:13+00:00\" \/>\n<meta property=\"og:image\" content=\"https:\/\/dravellanet.com\/wp-content\/uploads\/2022\/08\/cannulas-featured-image.jpg\" \/>\n\t<meta property=\"og:image:width\" content=\"692\" \/>\n\t<meta property=\"og:image:height\" content=\"692\" \/>\n\t<meta property=\"og:image:type\" content=\"image\/jpeg\" \/>\n<meta name=\"twitter:card\" content=\"summary_large_image\" \/>\n<meta name=\"twitter:label1\" content=\"Tiempo de lectura\" \/>\n\t<meta name=\"twitter:data1\" content=\"1 minuto\" \/>\n<script type=\"application\/ld+json\" class=\"yoast-schema-graph\">{\"@context\":\"https:\\\/\\\/schema.org\",\"@graph\":[{\"@type\":\"WebPage\",\"@id\":\"https:\\\/\\\/dravellanet.com\\\/es\\\/producto\\\/canulas-precision-diamonds\\\/\",\"url\":\"https:\\\/\\\/dravellanet.com\\\/es\\\/producto\\\/canulas-precision-diamonds\\\/\",\"name\":\"C\u00e1nulas Precision Diamonds\u00ae - Avellanet Surgical Aesthetics\",\"isPartOf\":{\"@id\":\"https:\\\/\\\/dravellanet.com\\\/es\\\/#website\"},\"primaryImageOfPage\":{\"@id\":\"https:\\\/\\\/dravellanet.com\\\/es\\\/producto\\\/canulas-precision-diamonds\\\/#primaryimage\"},\"image\":{\"@id\":\"https:\\\/\\\/dravellanet.com\\\/es\\\/producto\\\/canulas-precision-diamonds\\\/#primaryimage\"},\"thumbnailUrl\":\"https:\\\/\\\/dravellanet.com\\\/wp-content\\\/uploads\\\/2022\\\/08\\\/cannulas-featured-image.jpg\",\"datePublished\":\"2022-08-14T02:41:17+00:00\",\"dateModified\":\"2023-05-09T21:54:13+00:00\",\"breadcrumb\":{\"@id\":\"https:\\\/\\\/dravellanet.com\\\/es\\\/producto\\\/canulas-precision-diamonds\\\/#breadcrumb\"},\"inLanguage\":\"es\",\"potentialAction\":[{\"@type\":\"ReadAction\",\"target\":[\"https:\\\/\\\/dravellanet.com\\\/es\\\/producto\\\/canulas-precision-diamonds\\\/\"]}]},{\"@type\":\"ImageObject\",\"inLanguage\":\"es\",\"@id\":\"https:\\\/\\\/dravellanet.com\\\/es\\\/producto\\\/canulas-precision-diamonds\\\/#primaryimage\",\"url\":\"https:\\\/\\\/dravellanet.com\\\/wp-content\\\/uploads\\\/2022\\\/08\\\/cannulas-featured-image.jpg\",\"contentUrl\":\"https:\\\/\\\/dravellanet.com\\\/wp-content\\\/uploads\\\/2022\\\/08\\\/cannulas-featured-image.jpg\",\"width\":692,\"height\":692},{\"@type\":\"BreadcrumbList\",\"@id\":\"https:\\\/\\\/dravellanet.com\\\/es\\\/producto\\\/canulas-precision-diamonds\\\/#breadcrumb\",\"itemListElement\":[{\"@type\":\"ListItem\",\"position\":1,\"name\":\"Inicio\",\"item\":\"https:\\\/\\\/dravellanet.com\\\/es\\\/\"},{\"@type\":\"ListItem\",\"position\":2,\"name\":\"Boutique Quir\u00fargica\",\"item\":\"https:\\\/\\\/dravellanet.com\\\/es\\\/boutique-quirurgica\\\/\"},{\"@type\":\"ListItem\",\"position\":3,\"name\":\"C\u00e1nulas Precision Diamonds\u00ae\"}]},{\"@type\":\"WebSite\",\"@id\":\"https:\\\/\\\/dravellanet.com\\\/es\\\/#website\",\"url\":\"https:\\\/\\\/dravellanet.com\\\/es\\\/\",\"name\":\"Avellanet Surgical Aesthetics\",\"description\":\"\",\"publisher\":{\"@id\":\"https:\\\/\\\/dravellanet.com\\\/es\\\/#organization\"},\"potentialAction\":[{\"@type\":\"SearchAction\",\"target\":{\"@type\":\"EntryPoint\",\"urlTemplate\":\"https:\\\/\\\/dravellanet.com\\\/es\\\/?s={search_term_string}\"},\"query-input\":{\"@type\":\"PropertyValueSpecification\",\"valueRequired\":true,\"valueName\":\"search_term_string\"}}],\"inLanguage\":\"es\"},{\"@type\":\"Organization\",\"@id\":\"https:\\\/\\\/dravellanet.com\\\/es\\\/#organization\",\"name\":\"Avellanet Surgical Aesthetics\",\"url\":\"https:\\\/\\\/dravellanet.com\\\/es\\\/\",\"logo\":{\"@type\":\"ImageObject\",\"inLanguage\":\"es\",\"@id\":\"https:\\\/\\\/dravellanet.com\\\/es\\\/#\\\/schema\\\/logo\\\/image\\\/\",\"url\":\"https:\\\/\\\/dravellanet.com\\\/wp-content\\\/uploads\\\/2023\\\/03\\\/Avellanet_Logo_Pink_sm.png\",\"contentUrl\":\"https:\\\/\\\/dravellanet.com\\\/wp-content\\\/uploads\\\/2023\\\/03\\\/Avellanet_Logo_Pink_sm.png\",\"width\":576,\"height\":392,\"caption\":\"Avellanet Surgical Aesthetics\"},\"image\":{\"@id\":\"https:\\\/\\\/dravellanet.com\\\/es\\\/#\\\/schema\\\/logo\\\/image\\\/\"}}]}<\/script>\n<!-- \/ Yoast SEO plugin. -->","yoast_head_json":{"title":"C\u00e1nulas Precision Diamonds\u00ae - Avellanet Surgical Aesthetics","robots":{"index":"index","follow":"follow","max-snippet":"max-snippet:-1","max-image-preview":"max-image-preview:large","max-video-preview":"max-video-preview:-1"},"canonical":"https:\/\/dravellanet.com\/es\/producto\/canulas-precision-diamonds\/","og_locale":"es_ES","og_type":"article","og_title":"C\u00e1nulas Precision Diamonds\u00ae - Avellanet Surgical Aesthetics","og_description":"LA HISTORIA, EL POR QU\u00c9 Y EL C\u00d3MO: Despu\u00e9s de miles de procedimientos de liposucci\u00f3n\/lipoescultura, lleg\u00f3 el momento de actualizar la c\u00e1nula de diamante. La c\u00e1nula de diamante fue inicialmente [&hellip;]","og_url":"https:\/\/dravellanet.com\/es\/producto\/canulas-precision-diamonds\/","og_site_name":"Avellanet Surgical Aesthetics","article_modified_time":"2023-05-09T21:54:13+00:00","og_image":[{"width":692,"height":692,"url":"https:\/\/dravellanet.com\/wp-content\/uploads\/2022\/08\/cannulas-featured-image.jpg","type":"image\/jpeg"}],"twitter_card":"summary_large_image","twitter_misc":{"Tiempo de lectura":"1 minuto"},"schema":{"@context":"https:\/\/schema.org","@graph":[{"@type":"WebPage","@id":"https:\/\/dravellanet.com\/es\/producto\/canulas-precision-diamonds\/","url":"https:\/\/dravellanet.com\/es\/producto\/canulas-precision-diamonds\/","name":"C\u00e1nulas Precision Diamonds\u00ae - Avellanet Surgical Aesthetics","isPartOf":{"@id":"https:\/\/dravellanet.com\/es\/#website"},"primaryImageOfPage":{"@id":"https:\/\/dravellanet.com\/es\/producto\/canulas-precision-diamonds\/#primaryimage"},"image":{"@id":"https:\/\/dravellanet.com\/es\/producto\/canulas-precision-diamonds\/#primaryimage"},"thumbnailUrl":"https:\/\/dravellanet.com\/wp-content\/uploads\/2022\/08\/cannulas-featured-image.jpg","datePublished":"2022-08-14T02:41:17+00:00","dateModified":"2023-05-09T21:54:13+00:00","breadcrumb":{"@id":"https:\/\/dravellanet.com\/es\/producto\/canulas-precision-diamonds\/#breadcrumb"},"inLanguage":"es","potentialAction":[{"@type":"ReadAction","target":["https:\/\/dravellanet.com\/es\/producto\/canulas-precision-diamonds\/"]}]},{"@type":"ImageObject","inLanguage":"es","@id":"https:\/\/dravellanet.com\/es\/producto\/canulas-precision-diamonds\/#primaryimage","url":"https:\/\/dravellanet.com\/wp-content\/uploads\/2022\/08\/cannulas-featured-image.jpg","contentUrl":"https:\/\/dravellanet.com\/wp-content\/uploads\/2022\/08\/cannulas-featured-image.jpg","width":692,"height":692},{"@type":"BreadcrumbList","@id":"https:\/\/dravellanet.com\/es\/producto\/canulas-precision-diamonds\/#breadcrumb","itemListElement":[{"@type":"ListItem","position":1,"name":"Inicio","item":"https:\/\/dravellanet.com\/es\/"},{"@type":"ListItem","position":2,"name":"Boutique Quir\u00fargica","item":"https:\/\/dravellanet.com\/es\/boutique-quirurgica\/"},{"@type":"ListItem","position":3,"name":"C\u00e1nulas Precision Diamonds\u00ae"}]},{"@type":"WebSite","@id":"https:\/\/dravellanet.com\/es\/#website","url":"https:\/\/dravellanet.com\/es\/","name":"Avellanet Surgical Aesthetics","description":"","publisher":{"@id":"https:\/\/dravellanet.com\/es\/#organization"},"potentialAction":[{"@type":"SearchAction","target":{"@type":"EntryPoint","urlTemplate":"https:\/\/dravellanet.com\/es\/?s={search_term_string}"},"query-input":{"@type":"PropertyValueSpecification","valueRequired":true,"valueName":"search_term_string"}}],"inLanguage":"es"},{"@type":"Organization","@id":"https:\/\/dravellanet.com\/es\/#organization","name":"Avellanet Surgical Aesthetics","url":"https:\/\/dravellanet.com\/es\/","logo":{"@type":"ImageObject","inLanguage":"es","@id":"https:\/\/dravellanet.com\/es\/#\/schema\/logo\/image\/","url":"https:\/\/dravellanet.com\/wp-content\/uploads\/2023\/03\/Avellanet_Logo_Pink_sm.png","contentUrl":"https:\/\/dravellanet.com\/wp-content\/uploads\/2023\/03\/Avellanet_Logo_Pink_sm.png","width":576,"height":392,"caption":"Avellanet Surgical Aesthetics"},"image":{"@id":"https:\/\/dravellanet.com\/es\/#\/schema\/logo\/image\/"}}]}},"jetpack_sharing_enabled":true,"_links":{"self":[{"href":"https:\/\/dravellanet.com\/es\/wp-json\/wp\/v2\/product\/1674","targetHints":{"allow":["GET"]}}],"collection":[{"href":"https:\/\/dravellanet.com\/es\/wp-json\/wp\/v2\/product"}],"about":[{"href":"https:\/\/dravellanet.com\/es\/wp-json\/wp\/v2\/types\/product"}],"replies":[{"embeddable":true,"href":"https:\/\/dravellanet.com\/es\/wp-json\/wp\/v2\/comments?post=1674"}],"wp:featuredmedia":[{"embeddable":true,"href":"https:\/\/dravellanet.com\/es\/wp-json\/wp\/v2\/media\/2087"}],"wp:attachment":[{"href":"https:\/\/dravellanet.com\/es\/wp-json\/wp\/v2\/media?parent=1674"}],"wp:term":[{"taxonomy":"product_brand","embeddable":true,"href":"https:\/\/dravellanet.com\/es\/wp-json\/wp\/v2\/product_brand?post=1674"},{"taxonomy":"product_cat","embeddable":true,"href":"https:\/\/dravellanet.com\/es\/wp-json\/wp\/v2\/product_cat?post=1674"},{"taxonomy":"product_tag","embeddable":true,"href":"https:\/\/dravellanet.com\/es\/wp-json\/wp\/v2\/product_tag?post=1674"}],"curies":[{"name":"wp","href":"https:\/\/api.w.org\/{rel}","templated":true}]}}