{"id":2178,"date":"2023-02-23T16:40:57","date_gmt":"2023-02-23T21:40:57","guid":{"rendered":"https:\/\/dravellanet.com\/product\/laser-spiral-diamonds-es\/"},"modified":"2024-07-30T16:30:55","modified_gmt":"2024-07-30T20:30:55","slug":"laser-spiral-diamonds-es","status":"publish","type":"product","link":"https:\/\/dravellanet.com\/es\/producto\/laser-spiral-diamonds-es\/","title":{"rendered":"Laser Spiral Diamonds"},"content":{"rendered":"<ul class=\"pinkIconBullets\">\n<li>Innovadora punta similar a una esp\u00e1tula que facilita la penetraci\u00f3n en la piel y reduce la fricci\u00f3n<\/li>\n<li>El dise\u00f1o de aberturas en forma de diamante maximiza la extracci\u00f3n de grasa<\/li>\n<li>Cuatro (4) aberturas en forma de diamante del mismo tama\u00f1o colocadas en la punta para acomodar f\u00e1cilmente una fibra l\u00e1ser<\/li>\n<li>Aberturas adicionales en forma de diamante del mismo tama\u00f1o colocadas en forma de espiral, debajo de los cuatro diamantes en la punta, facilitan:\n<ul>\n<li>el agarre del tejido de manera efectiva y eficiente<\/li>\n<li>eliminar r\u00e1pidamente grandes cantidades de grasa<\/li>\n<li>disminuir el tiempo empleado durante la succi\u00f3n<\/li>\n<\/ul>\n<\/li>\n<li>La unidad de fibra l\u00e1ser con aberturas en forma de diamante y diamantes en espiral es muy eficaz para:\n<ul>\n<li>la penetraci\u00f3n del tejido conectivo<\/li>\n<li>la creaci\u00f3n de t\u00faneles antes de succionar la grasa<\/li>\n<li>facilitar la manipulaci\u00f3n del tejido fibroso<\/li>\n<li>extraer la grasa de manera m\u00e1s eficiente<\/li>\n<li>la reducci\u00f3n de mucho volumen de grasa<\/li>\n<li>esculpir y contornear la silueta<\/li>\n<li>liposucci\u00f3n de alta definici\u00f3n\/lipomarcaci\u00f3n<\/li>\n<li>la retracci\u00f3n mejorada de la piel suprayacente<\/li>\n<li>Reducir el esfuerzo f\u00edsico y m\u00e1s eficiencia quir\u00fargica para el profesional en liposucci\u00f3n<\/li>\n<li>reducir el tiempo quir\u00fargico<\/li>\n<li>mejorar la recuperaci\u00f3n y los resultados del (de la) paciente<\/li>\n<\/ul>\n<\/li>\n<li>Recomendado para profesionales experimentados en liposucci\u00f3n<\/li>\n<li>Un juego de tres c\u00e1nulas de varias longitudes: (2) 4 mm y (1) 5 mm<\/li>\n<\/ul>\n<p><small><em>* Con\u00e9ctese con nosotros para conocer la compatibilidad de la m\u00e1quina de liposucci\u00f3n.<\/em><\/small><\/p>\n","protected":false},"excerpt":{"rendered":"<p>Innovadora punta similar a una esp\u00e1tula que facilita la penetraci\u00f3n en la piel y reduce la fricci\u00f3n El dise\u00f1o de aberturas en forma de diamante maximiza la extracci\u00f3n de grasa [&hellip;]<\/p>\n","protected":false},"featured_media":2161,"comment_status":"open","ping_status":"closed","template":"","meta":{"_acf_changed":false,"_monsterinsights_skip_tracking":false,"_monsterinsights_sitenote_active":false,"_monsterinsights_sitenote_note":"","_monsterinsights_sitenote_category":0,"jetpack_post_was_ever_published":false},"product_brand":[],"product_cat":[250],"product_tag":[],"class_list":{"0":"post-2178","1":"product","2":"type-product","3":"status-publish","4":"has-post-thumbnail","6":"product_cat-canulas","8":"first","9":"outofstock","10":"sold-individually","11":"taxable","12":"shipping-taxable","13":"purchasable","14":"product-type-variable","15":"has-default-attributes"},"acf":[],"yoast_head":"<!-- This site is optimized with the Yoast SEO plugin v27.4 - https:\/\/yoast.com\/product\/yoast-seo-wordpress\/ -->\n<title>Laser Spiral Diamonds - Avellanet Surgical Aesthetics<\/title>\n<meta name=\"robots\" content=\"index, follow, max-snippet:-1, max-image-preview:large, max-video-preview:-1\" \/>\n<link rel=\"canonical\" href=\"https:\/\/dravellanet.com\/es\/producto\/laser-spiral-diamonds-es\/\" \/>\n<meta property=\"og:locale\" content=\"es_ES\" \/>\n<meta property=\"og:type\" content=\"article\" \/>\n<meta property=\"og:title\" content=\"Laser Spiral Diamonds - Avellanet Surgical Aesthetics\" \/>\n<meta property=\"og:description\" content=\"Innovadora punta similar a una esp\u00e1tula que facilita la penetraci\u00f3n en la piel y reduce la fricci\u00f3n El dise\u00f1o de aberturas en forma de diamante maximiza la extracci\u00f3n de grasa [&hellip;]\" \/>\n<meta property=\"og:url\" content=\"https:\/\/dravellanet.com\/es\/producto\/laser-spiral-diamonds-es\/\" \/>\n<meta property=\"og:site_name\" content=\"Avellanet Surgical Aesthetics\" \/>\n<meta property=\"article:modified_time\" content=\"2024-07-30T20:30:55+00:00\" \/>\n<meta property=\"og:image\" content=\"https:\/\/dravellanet.com\/wp-content\/uploads\/2023\/02\/LaserSpiralDiamonds.jpg\" \/>\n\t<meta property=\"og:image:width\" content=\"1200\" \/>\n\t<meta property=\"og:image:height\" content=\"1200\" \/>\n\t<meta property=\"og:image:type\" content=\"image\/jpeg\" \/>\n<meta name=\"twitter:card\" content=\"summary_large_image\" \/>\n<meta name=\"twitter:label1\" content=\"Tiempo de lectura\" \/>\n\t<meta name=\"twitter:data1\" content=\"1 minuto\" \/>\n<script type=\"application\/ld+json\" class=\"yoast-schema-graph\">{\"@context\":\"https:\\\/\\\/schema.org\",\"@graph\":[{\"@type\":\"WebPage\",\"@id\":\"https:\\\/\\\/dravellanet.com\\\/es\\\/producto\\\/laser-spiral-diamonds-es\\\/\",\"url\":\"https:\\\/\\\/dravellanet.com\\\/es\\\/producto\\\/laser-spiral-diamonds-es\\\/\",\"name\":\"Laser Spiral Diamonds - Avellanet Surgical Aesthetics\",\"isPartOf\":{\"@id\":\"https:\\\/\\\/dravellanet.com\\\/es\\\/#website\"},\"primaryImageOfPage\":{\"@id\":\"https:\\\/\\\/dravellanet.com\\\/es\\\/producto\\\/laser-spiral-diamonds-es\\\/#primaryimage\"},\"image\":{\"@id\":\"https:\\\/\\\/dravellanet.com\\\/es\\\/producto\\\/laser-spiral-diamonds-es\\\/#primaryimage\"},\"thumbnailUrl\":\"https:\\\/\\\/dravellanet.com\\\/wp-content\\\/uploads\\\/2023\\\/02\\\/LaserSpiralDiamonds.jpg\",\"datePublished\":\"2023-02-23T21:40:57+00:00\",\"dateModified\":\"2024-07-30T20:30:55+00:00\",\"breadcrumb\":{\"@id\":\"https:\\\/\\\/dravellanet.com\\\/es\\\/producto\\\/laser-spiral-diamonds-es\\\/#breadcrumb\"},\"inLanguage\":\"es\",\"potentialAction\":[{\"@type\":\"ReadAction\",\"target\":[\"https:\\\/\\\/dravellanet.com\\\/es\\\/producto\\\/laser-spiral-diamonds-es\\\/\"]}]},{\"@type\":\"ImageObject\",\"inLanguage\":\"es\",\"@id\":\"https:\\\/\\\/dravellanet.com\\\/es\\\/producto\\\/laser-spiral-diamonds-es\\\/#primaryimage\",\"url\":\"https:\\\/\\\/dravellanet.com\\\/wp-content\\\/uploads\\\/2023\\\/02\\\/LaserSpiralDiamonds.jpg\",\"contentUrl\":\"https:\\\/\\\/dravellanet.com\\\/wp-content\\\/uploads\\\/2023\\\/02\\\/LaserSpiralDiamonds.jpg\",\"width\":1200,\"height\":1200},{\"@type\":\"BreadcrumbList\",\"@id\":\"https:\\\/\\\/dravellanet.com\\\/es\\\/producto\\\/laser-spiral-diamonds-es\\\/#breadcrumb\",\"itemListElement\":[{\"@type\":\"ListItem\",\"position\":1,\"name\":\"Inicio\",\"item\":\"https:\\\/\\\/dravellanet.com\\\/es\\\/\"},{\"@type\":\"ListItem\",\"position\":2,\"name\":\"Boutique Quir\u00fargica\",\"item\":\"https:\\\/\\\/dravellanet.com\\\/es\\\/boutique-quirurgica\\\/\"},{\"@type\":\"ListItem\",\"position\":3,\"name\":\"Laser Spiral Diamonds\"}]},{\"@type\":\"WebSite\",\"@id\":\"https:\\\/\\\/dravellanet.com\\\/es\\\/#website\",\"url\":\"https:\\\/\\\/dravellanet.com\\\/es\\\/\",\"name\":\"Avellanet Surgical Aesthetics\",\"description\":\"\",\"publisher\":{\"@id\":\"https:\\\/\\\/dravellanet.com\\\/es\\\/#organization\"},\"potentialAction\":[{\"@type\":\"SearchAction\",\"target\":{\"@type\":\"EntryPoint\",\"urlTemplate\":\"https:\\\/\\\/dravellanet.com\\\/es\\\/?s={search_term_string}\"},\"query-input\":{\"@type\":\"PropertyValueSpecification\",\"valueRequired\":true,\"valueName\":\"search_term_string\"}}],\"inLanguage\":\"es\"},{\"@type\":\"Organization\",\"@id\":\"https:\\\/\\\/dravellanet.com\\\/es\\\/#organization\",\"name\":\"Avellanet Surgical Aesthetics\",\"url\":\"https:\\\/\\\/dravellanet.com\\\/es\\\/\",\"logo\":{\"@type\":\"ImageObject\",\"inLanguage\":\"es\",\"@id\":\"https:\\\/\\\/dravellanet.com\\\/es\\\/#\\\/schema\\\/logo\\\/image\\\/\",\"url\":\"https:\\\/\\\/dravellanet.com\\\/wp-content\\\/uploads\\\/2023\\\/03\\\/Avellanet_Logo_Pink_sm.png\",\"contentUrl\":\"https:\\\/\\\/dravellanet.com\\\/wp-content\\\/uploads\\\/2023\\\/03\\\/Avellanet_Logo_Pink_sm.png\",\"width\":576,\"height\":392,\"caption\":\"Avellanet Surgical Aesthetics\"},\"image\":{\"@id\":\"https:\\\/\\\/dravellanet.com\\\/es\\\/#\\\/schema\\\/logo\\\/image\\\/\"}}]}<\/script>\n<!-- \/ Yoast SEO plugin. -->","yoast_head_json":{"title":"Laser Spiral Diamonds - Avellanet Surgical Aesthetics","robots":{"index":"index","follow":"follow","max-snippet":"max-snippet:-1","max-image-preview":"max-image-preview:large","max-video-preview":"max-video-preview:-1"},"canonical":"https:\/\/dravellanet.com\/es\/producto\/laser-spiral-diamonds-es\/","og_locale":"es_ES","og_type":"article","og_title":"Laser Spiral Diamonds - Avellanet Surgical Aesthetics","og_description":"Innovadora punta similar a una esp\u00e1tula que facilita la penetraci\u00f3n en la piel y reduce la fricci\u00f3n El dise\u00f1o de aberturas en forma de diamante maximiza la extracci\u00f3n de grasa [&hellip;]","og_url":"https:\/\/dravellanet.com\/es\/producto\/laser-spiral-diamonds-es\/","og_site_name":"Avellanet Surgical Aesthetics","article_modified_time":"2024-07-30T20:30:55+00:00","og_image":[{"width":1200,"height":1200,"url":"https:\/\/dravellanet.com\/wp-content\/uploads\/2023\/02\/LaserSpiralDiamonds.jpg","type":"image\/jpeg"}],"twitter_card":"summary_large_image","twitter_misc":{"Tiempo de lectura":"1 minuto"},"schema":{"@context":"https:\/\/schema.org","@graph":[{"@type":"WebPage","@id":"https:\/\/dravellanet.com\/es\/producto\/laser-spiral-diamonds-es\/","url":"https:\/\/dravellanet.com\/es\/producto\/laser-spiral-diamonds-es\/","name":"Laser Spiral Diamonds - Avellanet Surgical Aesthetics","isPartOf":{"@id":"https:\/\/dravellanet.com\/es\/#website"},"primaryImageOfPage":{"@id":"https:\/\/dravellanet.com\/es\/producto\/laser-spiral-diamonds-es\/#primaryimage"},"image":{"@id":"https:\/\/dravellanet.com\/es\/producto\/laser-spiral-diamonds-es\/#primaryimage"},"thumbnailUrl":"https:\/\/dravellanet.com\/wp-content\/uploads\/2023\/02\/LaserSpiralDiamonds.jpg","datePublished":"2023-02-23T21:40:57+00:00","dateModified":"2024-07-30T20:30:55+00:00","breadcrumb":{"@id":"https:\/\/dravellanet.com\/es\/producto\/laser-spiral-diamonds-es\/#breadcrumb"},"inLanguage":"es","potentialAction":[{"@type":"ReadAction","target":["https:\/\/dravellanet.com\/es\/producto\/laser-spiral-diamonds-es\/"]}]},{"@type":"ImageObject","inLanguage":"es","@id":"https:\/\/dravellanet.com\/es\/producto\/laser-spiral-diamonds-es\/#primaryimage","url":"https:\/\/dravellanet.com\/wp-content\/uploads\/2023\/02\/LaserSpiralDiamonds.jpg","contentUrl":"https:\/\/dravellanet.com\/wp-content\/uploads\/2023\/02\/LaserSpiralDiamonds.jpg","width":1200,"height":1200},{"@type":"BreadcrumbList","@id":"https:\/\/dravellanet.com\/es\/producto\/laser-spiral-diamonds-es\/#breadcrumb","itemListElement":[{"@type":"ListItem","position":1,"name":"Inicio","item":"https:\/\/dravellanet.com\/es\/"},{"@type":"ListItem","position":2,"name":"Boutique Quir\u00fargica","item":"https:\/\/dravellanet.com\/es\/boutique-quirurgica\/"},{"@type":"ListItem","position":3,"name":"Laser Spiral Diamonds"}]},{"@type":"WebSite","@id":"https:\/\/dravellanet.com\/es\/#website","url":"https:\/\/dravellanet.com\/es\/","name":"Avellanet Surgical Aesthetics","description":"","publisher":{"@id":"https:\/\/dravellanet.com\/es\/#organization"},"potentialAction":[{"@type":"SearchAction","target":{"@type":"EntryPoint","urlTemplate":"https:\/\/dravellanet.com\/es\/?s={search_term_string}"},"query-input":{"@type":"PropertyValueSpecification","valueRequired":true,"valueName":"search_term_string"}}],"inLanguage":"es"},{"@type":"Organization","@id":"https:\/\/dravellanet.com\/es\/#organization","name":"Avellanet Surgical Aesthetics","url":"https:\/\/dravellanet.com\/es\/","logo":{"@type":"ImageObject","inLanguage":"es","@id":"https:\/\/dravellanet.com\/es\/#\/schema\/logo\/image\/","url":"https:\/\/dravellanet.com\/wp-content\/uploads\/2023\/03\/Avellanet_Logo_Pink_sm.png","contentUrl":"https:\/\/dravellanet.com\/wp-content\/uploads\/2023\/03\/Avellanet_Logo_Pink_sm.png","width":576,"height":392,"caption":"Avellanet Surgical Aesthetics"},"image":{"@id":"https:\/\/dravellanet.com\/es\/#\/schema\/logo\/image\/"}}]}},"jetpack_sharing_enabled":true,"_links":{"self":[{"href":"https:\/\/dravellanet.com\/es\/wp-json\/wp\/v2\/product\/2178","targetHints":{"allow":["GET"]}}],"collection":[{"href":"https:\/\/dravellanet.com\/es\/wp-json\/wp\/v2\/product"}],"about":[{"href":"https:\/\/dravellanet.com\/es\/wp-json\/wp\/v2\/types\/product"}],"replies":[{"embeddable":true,"href":"https:\/\/dravellanet.com\/es\/wp-json\/wp\/v2\/comments?post=2178"}],"wp:featuredmedia":[{"embeddable":true,"href":"https:\/\/dravellanet.com\/es\/wp-json\/wp\/v2\/media\/2161"}],"wp:attachment":[{"href":"https:\/\/dravellanet.com\/es\/wp-json\/wp\/v2\/media?parent=2178"}],"wp:term":[{"taxonomy":"product_brand","embeddable":true,"href":"https:\/\/dravellanet.com\/es\/wp-json\/wp\/v2\/product_brand?post=2178"},{"taxonomy":"product_cat","embeddable":true,"href":"https:\/\/dravellanet.com\/es\/wp-json\/wp\/v2\/product_cat?post=2178"},{"taxonomy":"product_tag","embeddable":true,"href":"https:\/\/dravellanet.com\/es\/wp-json\/wp\/v2\/product_tag?post=2178"}],"curies":[{"name":"wp","href":"https:\/\/api.w.org\/{rel}","templated":true}]}}