{"id":2260,"date":"2023-04-06T10:30:55","date_gmt":"2023-04-06T14:30:55","guid":{"rendered":"https:\/\/dravellanet.com\/?post_type=product&#038;p=2260"},"modified":"2024-07-30T16:36:22","modified_gmt":"2024-07-30T20:36:22","slug":"kit-quirurgico-de-belleza-y-recuperacion","status":"publish","type":"product","link":"https:\/\/dravellanet.com\/es\/producto\/kit-quirurgico-de-belleza-y-recuperacion\/","title":{"rendered":"Kit Quir\u00fargico de Belleza y Recuperaci\u00f3n"},"content":{"rendered":"<p><span style=\"text-decoration: underline;\"><strong>Precio:<\/strong><\/span><\/p>\n<ul>\n<li>1-7: $250 cada uno<\/li>\n<li>8-11: $225 cada uno<\/li>\n<li>12 kits: $2,400<\/li>\n<\/ul>\n<ul class=\"pinkIconBullets\">\n<li>Este kit brindar\u00e1 una experiencia \u00fanica con vestimenta quir\u00fargica personalizada que ayudar\u00e1 a los pacientes a verse y sentirse lo mejor posible durante la cirug\u00eda.<\/li>\n<li>Despu\u00e9s de su procedimiento, los pacientes seguir\u00e1n sinti\u00e9ndose bien cuidados con estos art\u00edculos postoperatorios y de recuperaci\u00f3n.<\/li>\n<li class=\"biggerIcon\"><strong>TODOS<\/strong> los art\u00edculos tienen el logotipo est\u00e1ndar de Avellanet Surgicals<\/li>\n<\/ul>\n<p><span style=\"text-decoration: underline;\"><strong>Art\u00edculos inclu\u00eddos:<\/strong><\/span><\/p>\n<ul>\n<li>(1) Bolso con logo<\/li>\n<li>(1) Liga para el cabello<\/li>\n<li>(1) Banda para el cabello<\/li>\n<li>(1) Bata con logo<\/li>\n<li>(1) Par de cubre pezones de Avellanet Surgicals<\/li>\n<li>(1) Panty bikini con logo<\/li>\n<li>(1) Par de calcetines con logo<\/li>\n<li>(1) Par de pantuflas con logo<\/li>\n<li>(1) Estuche mediano con logo: para almacenar medicamentos\/suplementos<\/li>\n<li>(1) Estuche grande con foam para esculpir con logotipo: para guardar el foam y la tabla abdominal (se incluye una pieza de foam)<\/li>\n<li>(1) Tabla abdominal de recuperaci\u00f3n con logotipo: para compresi\u00f3n y moldeado abdominal<\/li>\n<li>(1) Coj\u00edn de recuperaci\u00f3n de gl\u00fateos con logotipo: se utiliza para evitar la compresi\u00f3n en las \u00e1reas de transferencia de grasa*<\/li>\n<\/ul>\n<p><em>* se vende por separado<\/em><\/p>\n<hr \/>\n<p><span style=\"text-decoration: underline;\"><strong>Opci\u00f3n de personalizaci\u00f3n:<\/strong><\/span><\/p>\n<ul class=\"pinkIconBullets\">\n<li>Art\u00edculos personalizados con su propia marca\/logotipo de la empresa:\n<ul>\n<li>Incluye fondo negro<\/li>\n<li>Una (1) opci\u00f3n adicional de color<\/li>\n<\/ul>\n<\/li>\n<\/ul>\n<p><span style=\"text-decoration: underline;\"><strong>Precio con personalizaci\u00f3n:<\/strong><\/span><\/p>\n<ul>\n<li>1-7: $262 cada uno<\/li>\n<li>8-11: $235 cada uno<\/li>\n<li>12 kits: $2,500<\/li>\n<\/ul>\n","protected":false},"excerpt":{"rendered":"<p>Precio: 1-7: $250 cada uno 8-11: $225 cada uno 12 kits: $2,400 Este kit brindar\u00e1 una experiencia \u00fanica con vestimenta quir\u00fargica personalizada que ayudar\u00e1 a los pacientes a verse y [&hellip;]<\/p>\n","protected":false},"featured_media":2257,"comment_status":"open","ping_status":"closed","template":"","meta":{"_acf_changed":false,"_monsterinsights_skip_tracking":false,"_monsterinsights_sitenote_active":false,"_monsterinsights_sitenote_note":"","_monsterinsights_sitenote_category":0,"jetpack_post_was_ever_published":false},"product_brand":[],"product_cat":[282],"product_tag":[],"class_list":{"0":"post-2260","1":"product","2":"type-product","3":"status-publish","4":"has-post-thumbnail","6":"product_cat-avellanet-surgicals-es","8":"first","9":"instock","10":"taxable","11":"shipping-taxable","12":"product-type-external"},"acf":[],"yoast_head":"<!-- This site is optimized with the Yoast SEO plugin v27.3 - https:\/\/yoast.com\/product\/yoast-seo-wordpress\/ -->\n<title>Kit Quir\u00fargico de Belleza y Recuperaci\u00f3n - Avellanet Surgical Aesthetics<\/title>\n<meta name=\"robots\" content=\"index, follow, max-snippet:-1, max-image-preview:large, max-video-preview:-1\" \/>\n<link rel=\"canonical\" href=\"https:\/\/dravellanet.com\/es\/producto\/kit-quirurgico-de-belleza-y-recuperacion\/\" \/>\n<meta property=\"og:locale\" content=\"es_ES\" \/>\n<meta property=\"og:type\" content=\"article\" \/>\n<meta property=\"og:title\" content=\"Kit Quir\u00fargico de Belleza y Recuperaci\u00f3n - Avellanet Surgical Aesthetics\" \/>\n<meta property=\"og:description\" content=\"Precio: 1-7: $250 cada uno 8-11: $225 cada uno 12 kits: $2,400 Este kit brindar\u00e1 una experiencia \u00fanica con vestimenta quir\u00fargica personalizada que ayudar\u00e1 a los pacientes a verse y [&hellip;]\" \/>\n<meta property=\"og:url\" content=\"https:\/\/dravellanet.com\/es\/producto\/kit-quirurgico-de-belleza-y-recuperacion\/\" \/>\n<meta property=\"og:site_name\" content=\"Avellanet Surgical Aesthetics\" \/>\n<meta property=\"article:modified_time\" content=\"2024-07-30T20:36:22+00:00\" \/>\n<meta property=\"og:image\" content=\"https:\/\/dravellanet.com\/wp-content\/uploads\/2023\/03\/ASAKit2023-1_web-1080x1080.png\" \/>\n\t<meta property=\"og:image:width\" content=\"1080\" \/>\n\t<meta property=\"og:image:height\" content=\"1080\" \/>\n\t<meta property=\"og:image:type\" content=\"image\/png\" \/>\n<meta name=\"twitter:card\" content=\"summary_large_image\" \/>\n<meta name=\"twitter:label1\" content=\"Tiempo de lectura\" \/>\n\t<meta name=\"twitter:data1\" content=\"1 minuto\" \/>\n<script type=\"application\/ld+json\" class=\"yoast-schema-graph\">{\"@context\":\"https:\\\/\\\/schema.org\",\"@graph\":[{\"@type\":\"WebPage\",\"@id\":\"https:\\\/\\\/dravellanet.com\\\/es\\\/producto\\\/kit-quirurgico-de-belleza-y-recuperacion\\\/\",\"url\":\"https:\\\/\\\/dravellanet.com\\\/es\\\/producto\\\/kit-quirurgico-de-belleza-y-recuperacion\\\/\",\"name\":\"Kit Quir\u00fargico de Belleza y Recuperaci\u00f3n - Avellanet Surgical Aesthetics\",\"isPartOf\":{\"@id\":\"https:\\\/\\\/dravellanet.com\\\/es\\\/#website\"},\"primaryImageOfPage\":{\"@id\":\"https:\\\/\\\/dravellanet.com\\\/es\\\/producto\\\/kit-quirurgico-de-belleza-y-recuperacion\\\/#primaryimage\"},\"image\":{\"@id\":\"https:\\\/\\\/dravellanet.com\\\/es\\\/producto\\\/kit-quirurgico-de-belleza-y-recuperacion\\\/#primaryimage\"},\"thumbnailUrl\":\"https:\\\/\\\/dravellanet.com\\\/wp-content\\\/uploads\\\/2023\\\/03\\\/ASAKit2023-1_web.png\",\"datePublished\":\"2023-04-06T14:30:55+00:00\",\"dateModified\":\"2024-07-30T20:36:22+00:00\",\"breadcrumb\":{\"@id\":\"https:\\\/\\\/dravellanet.com\\\/es\\\/producto\\\/kit-quirurgico-de-belleza-y-recuperacion\\\/#breadcrumb\"},\"inLanguage\":\"es\",\"potentialAction\":[{\"@type\":\"ReadAction\",\"target\":[\"https:\\\/\\\/dravellanet.com\\\/es\\\/producto\\\/kit-quirurgico-de-belleza-y-recuperacion\\\/\"]}]},{\"@type\":\"ImageObject\",\"inLanguage\":\"es\",\"@id\":\"https:\\\/\\\/dravellanet.com\\\/es\\\/producto\\\/kit-quirurgico-de-belleza-y-recuperacion\\\/#primaryimage\",\"url\":\"https:\\\/\\\/dravellanet.com\\\/wp-content\\\/uploads\\\/2023\\\/03\\\/ASAKit2023-1_web.png\",\"contentUrl\":\"https:\\\/\\\/dravellanet.com\\\/wp-content\\\/uploads\\\/2023\\\/03\\\/ASAKit2023-1_web.png\",\"width\":1920,\"height\":1920},{\"@type\":\"BreadcrumbList\",\"@id\":\"https:\\\/\\\/dravellanet.com\\\/es\\\/producto\\\/kit-quirurgico-de-belleza-y-recuperacion\\\/#breadcrumb\",\"itemListElement\":[{\"@type\":\"ListItem\",\"position\":1,\"name\":\"Inicio\",\"item\":\"https:\\\/\\\/dravellanet.com\\\/es\\\/\"},{\"@type\":\"ListItem\",\"position\":2,\"name\":\"Boutique Quir\u00fargica\",\"item\":\"https:\\\/\\\/dravellanet.com\\\/es\\\/boutique-quirurgica\\\/\"},{\"@type\":\"ListItem\",\"position\":3,\"name\":\"Kit Quir\u00fargico de Belleza y Recuperaci\u00f3n\"}]},{\"@type\":\"WebSite\",\"@id\":\"https:\\\/\\\/dravellanet.com\\\/es\\\/#website\",\"url\":\"https:\\\/\\\/dravellanet.com\\\/es\\\/\",\"name\":\"Avellanet Surgical Aesthetics\",\"description\":\"\",\"publisher\":{\"@id\":\"https:\\\/\\\/dravellanet.com\\\/es\\\/#organization\"},\"potentialAction\":[{\"@type\":\"SearchAction\",\"target\":{\"@type\":\"EntryPoint\",\"urlTemplate\":\"https:\\\/\\\/dravellanet.com\\\/es\\\/?s={search_term_string}\"},\"query-input\":{\"@type\":\"PropertyValueSpecification\",\"valueRequired\":true,\"valueName\":\"search_term_string\"}}],\"inLanguage\":\"es\"},{\"@type\":\"Organization\",\"@id\":\"https:\\\/\\\/dravellanet.com\\\/es\\\/#organization\",\"name\":\"Avellanet Surgical Aesthetics\",\"url\":\"https:\\\/\\\/dravellanet.com\\\/es\\\/\",\"logo\":{\"@type\":\"ImageObject\",\"inLanguage\":\"es\",\"@id\":\"https:\\\/\\\/dravellanet.com\\\/es\\\/#\\\/schema\\\/logo\\\/image\\\/\",\"url\":\"https:\\\/\\\/dravellanet.com\\\/wp-content\\\/uploads\\\/2023\\\/03\\\/Avellanet_Logo_Pink_sm.png\",\"contentUrl\":\"https:\\\/\\\/dravellanet.com\\\/wp-content\\\/uploads\\\/2023\\\/03\\\/Avellanet_Logo_Pink_sm.png\",\"width\":576,\"height\":392,\"caption\":\"Avellanet Surgical Aesthetics\"},\"image\":{\"@id\":\"https:\\\/\\\/dravellanet.com\\\/es\\\/#\\\/schema\\\/logo\\\/image\\\/\"}}]}<\/script>\n<!-- \/ Yoast SEO plugin. -->","yoast_head_json":{"title":"Kit Quir\u00fargico de Belleza y Recuperaci\u00f3n - Avellanet Surgical Aesthetics","robots":{"index":"index","follow":"follow","max-snippet":"max-snippet:-1","max-image-preview":"max-image-preview:large","max-video-preview":"max-video-preview:-1"},"canonical":"https:\/\/dravellanet.com\/es\/producto\/kit-quirurgico-de-belleza-y-recuperacion\/","og_locale":"es_ES","og_type":"article","og_title":"Kit Quir\u00fargico de Belleza y Recuperaci\u00f3n - Avellanet Surgical Aesthetics","og_description":"Precio: 1-7: $250 cada uno 8-11: $225 cada uno 12 kits: $2,400 Este kit brindar\u00e1 una experiencia \u00fanica con vestimenta quir\u00fargica personalizada que ayudar\u00e1 a los pacientes a verse y [&hellip;]","og_url":"https:\/\/dravellanet.com\/es\/producto\/kit-quirurgico-de-belleza-y-recuperacion\/","og_site_name":"Avellanet Surgical Aesthetics","article_modified_time":"2024-07-30T20:36:22+00:00","og_image":[{"width":1080,"height":1080,"url":"https:\/\/dravellanet.com\/wp-content\/uploads\/2023\/03\/ASAKit2023-1_web-1080x1080.png","type":"image\/png"}],"twitter_card":"summary_large_image","twitter_misc":{"Tiempo de lectura":"1 minuto"},"schema":{"@context":"https:\/\/schema.org","@graph":[{"@type":"WebPage","@id":"https:\/\/dravellanet.com\/es\/producto\/kit-quirurgico-de-belleza-y-recuperacion\/","url":"https:\/\/dravellanet.com\/es\/producto\/kit-quirurgico-de-belleza-y-recuperacion\/","name":"Kit Quir\u00fargico de Belleza y Recuperaci\u00f3n - Avellanet Surgical Aesthetics","isPartOf":{"@id":"https:\/\/dravellanet.com\/es\/#website"},"primaryImageOfPage":{"@id":"https:\/\/dravellanet.com\/es\/producto\/kit-quirurgico-de-belleza-y-recuperacion\/#primaryimage"},"image":{"@id":"https:\/\/dravellanet.com\/es\/producto\/kit-quirurgico-de-belleza-y-recuperacion\/#primaryimage"},"thumbnailUrl":"https:\/\/dravellanet.com\/wp-content\/uploads\/2023\/03\/ASAKit2023-1_web.png","datePublished":"2023-04-06T14:30:55+00:00","dateModified":"2024-07-30T20:36:22+00:00","breadcrumb":{"@id":"https:\/\/dravellanet.com\/es\/producto\/kit-quirurgico-de-belleza-y-recuperacion\/#breadcrumb"},"inLanguage":"es","potentialAction":[{"@type":"ReadAction","target":["https:\/\/dravellanet.com\/es\/producto\/kit-quirurgico-de-belleza-y-recuperacion\/"]}]},{"@type":"ImageObject","inLanguage":"es","@id":"https:\/\/dravellanet.com\/es\/producto\/kit-quirurgico-de-belleza-y-recuperacion\/#primaryimage","url":"https:\/\/dravellanet.com\/wp-content\/uploads\/2023\/03\/ASAKit2023-1_web.png","contentUrl":"https:\/\/dravellanet.com\/wp-content\/uploads\/2023\/03\/ASAKit2023-1_web.png","width":1920,"height":1920},{"@type":"BreadcrumbList","@id":"https:\/\/dravellanet.com\/es\/producto\/kit-quirurgico-de-belleza-y-recuperacion\/#breadcrumb","itemListElement":[{"@type":"ListItem","position":1,"name":"Inicio","item":"https:\/\/dravellanet.com\/es\/"},{"@type":"ListItem","position":2,"name":"Boutique Quir\u00fargica","item":"https:\/\/dravellanet.com\/es\/boutique-quirurgica\/"},{"@type":"ListItem","position":3,"name":"Kit Quir\u00fargico de Belleza y Recuperaci\u00f3n"}]},{"@type":"WebSite","@id":"https:\/\/dravellanet.com\/es\/#website","url":"https:\/\/dravellanet.com\/es\/","name":"Avellanet Surgical Aesthetics","description":"","publisher":{"@id":"https:\/\/dravellanet.com\/es\/#organization"},"potentialAction":[{"@type":"SearchAction","target":{"@type":"EntryPoint","urlTemplate":"https:\/\/dravellanet.com\/es\/?s={search_term_string}"},"query-input":{"@type":"PropertyValueSpecification","valueRequired":true,"valueName":"search_term_string"}}],"inLanguage":"es"},{"@type":"Organization","@id":"https:\/\/dravellanet.com\/es\/#organization","name":"Avellanet Surgical Aesthetics","url":"https:\/\/dravellanet.com\/es\/","logo":{"@type":"ImageObject","inLanguage":"es","@id":"https:\/\/dravellanet.com\/es\/#\/schema\/logo\/image\/","url":"https:\/\/dravellanet.com\/wp-content\/uploads\/2023\/03\/Avellanet_Logo_Pink_sm.png","contentUrl":"https:\/\/dravellanet.com\/wp-content\/uploads\/2023\/03\/Avellanet_Logo_Pink_sm.png","width":576,"height":392,"caption":"Avellanet Surgical Aesthetics"},"image":{"@id":"https:\/\/dravellanet.com\/es\/#\/schema\/logo\/image\/"}}]}},"jetpack_sharing_enabled":true,"_links":{"self":[{"href":"https:\/\/dravellanet.com\/es\/wp-json\/wp\/v2\/product\/2260","targetHints":{"allow":["GET"]}}],"collection":[{"href":"https:\/\/dravellanet.com\/es\/wp-json\/wp\/v2\/product"}],"about":[{"href":"https:\/\/dravellanet.com\/es\/wp-json\/wp\/v2\/types\/product"}],"replies":[{"embeddable":true,"href":"https:\/\/dravellanet.com\/es\/wp-json\/wp\/v2\/comments?post=2260"}],"wp:featuredmedia":[{"embeddable":true,"href":"https:\/\/dravellanet.com\/es\/wp-json\/wp\/v2\/media\/2257"}],"wp:attachment":[{"href":"https:\/\/dravellanet.com\/es\/wp-json\/wp\/v2\/media?parent=2260"}],"wp:term":[{"taxonomy":"product_brand","embeddable":true,"href":"https:\/\/dravellanet.com\/es\/wp-json\/wp\/v2\/product_brand?post=2260"},{"taxonomy":"product_cat","embeddable":true,"href":"https:\/\/dravellanet.com\/es\/wp-json\/wp\/v2\/product_cat?post=2260"},{"taxonomy":"product_tag","embeddable":true,"href":"https:\/\/dravellanet.com\/es\/wp-json\/wp\/v2\/product_tag?post=2260"}],"curies":[{"name":"wp","href":"https:\/\/api.w.org\/{rel}","templated":true}]}}