{"id":2555,"date":"2023-05-25T18:53:51","date_gmt":"2023-05-25T22:53:51","guid":{"rendered":"https:\/\/dravellanet.com\/?post_type=product&#038;p=2555"},"modified":"2024-07-30T16:32:52","modified_gmt":"2024-07-30T20:32:52","slug":"avellanet-libro-de-referencia-para-capacitacion-en-cirugias-de-contorno-corporal","status":"publish","type":"product","link":"https:\/\/dravellanet.com\/es\/producto\/avellanet-libro-de-referencia-para-capacitacion-en-cirugias-de-contorno-corporal\/","title":{"rendered":"Avellanet\u00ae Libro de Referencia para Capacitaci\u00f3n en Cirug\u00edas de Contorno Corporal"},"content":{"rendered":"<p><strong>Autor:<\/strong> Yaniris R. Avellanet, MD<\/p>\n<p>&nbsp;<\/p>\n<p>El mundo de la est\u00e9tica est\u00e1 en constante evoluci\u00f3n y la diversidad de profesionales m\u00e9dicos que actualmente ofrece procedimientos est\u00e9ticos est\u00e1 creciendo a niveles exponenciales. Para mantenerse actualizados, los proveedores de est\u00e9tica requieren capacitaci\u00f3n continua sobre c\u00f3mo usar tecnolog\u00eda de vanguardia para que ellos puedan ofrecerle a sus pacientes, nuevos tratamientos que ayuden a mejorar el f\u00edsico, la autoestima y la calidad de vida.<\/p>\n<p>La experiencia de la Dra. Avellanet la ha llevado a identificar la necesidad existente de capacitar especialistas est\u00e9ticos con entrenamientos personalizados dirigidos a las necesidades espec\u00edficas de estos profesionales y su personal. Al impartir su conocimiento sobre las habilidades y t\u00e9cnicas quir\u00fargicas emergentes en los procedimientos de contorno corporal, surgi\u00f3 la necesidad de un manual de referencia para capacitaciones. La redacci\u00f3n de protocolos de formaci\u00f3n quir\u00fargica y escuchar las necesidades de los especialistas est\u00e9ticos resultaron en este manual.<\/p>\n<p>Este manual se dirige a cualquier profesional m\u00e9dico que est\u00e9 agregando nuevos procedimientos de contorno corporal a sus negocios est\u00e9ticos existentes o para aquellos que est\u00e1n en transici\u00f3n a un mundo completamente diferente, el mundo de la est\u00e9tica quir\u00fargica. La liposucci\u00f3n y las cirug\u00edas de contorno corporal y la lipotransferencia son las cirug\u00edas m\u00e1s solicitadas por los pacientes que desean mejorar su f\u00edsico corporal, su autoestima y su calidad de vida. La Dra. Avellanet comparte protocolos para llevar a cabo liposucci\u00f3n y cirug\u00eda de transferencia de grasa que le ayudar\u00e1n a lograr los mejores resultados para el paciente.<\/p>\n<p>Si ya practica cirug\u00edas de contorno corporal con transferencia de grasa, este libro lo ayudar\u00e1 a mejorar y refinar sus habilidades. Si usted es nuevo en el mundo de la est\u00e9tica quir\u00fargica, este manual le servir\u00e1 como una gu\u00eda para llevar a acabo, paso a paso, cualquiera de estas cirug\u00edas. De cualquier modo, este es un manual educativo escrito por una experta en el campo de la cirug\u00eda de contorno corporal.<\/p>\n<p>&nbsp;<\/p>\n<p>Disponible como libro electr\u00f3nico y de carpeta dura en las siguientes tiendas o vendedores incluidos <a href=\"https:\/\/gatekeeperpress.com\/retailers\/\" target=\"_blank\" rel=\"noopener\">aqu\u00ed<\/a>:<\/p>\n<div class=\"bookBadges\"><a href=\"https:\/\/www.amazon.com\/Refining-Mastering-Contouring-Aesthetic-Professional-ebook\/dp\/B0C5SBB1BL\" target=\"_blank\" title=\"Get it on Amazon Kindle\">\r\n    <div class=\"bookBadge\" data-badgetype=\"amazonkindle\" alt=\"Get it on Amazon Kindle\"><\/div><\/a><a href=\"https:\/\/books.apple.com\/us\/book\/refining-and-mastering-body-contouring-for-the\/id6449374993\" target=\"_blank\" title=\"Get it on Apple Books\">\r\n    <div class=\"bookBadge\" data-badgetype=\"applebooks\" alt=\"Get it on Apple Books\"><\/div><\/a><a href=\"https:\/\/www.barnesandnoble.com\/w\/refining-and-mastering-body-contouring-for-the-new-aesthetic-professional-yaniris-r-avellanet\/1143514094?ean=9781662933400\" target=\"_blank\" title=\"Get it on Barnes & Noble\">\r\n    <div class=\"bookBadge\" data-badgetype=\"barnesandnoble\" alt=\"Get it on Barnes & Noble\"><\/div><\/a><a href=\"https:\/\/play.google.com\/store\/books\/details\/Yaniris_R_Avellanet_Refining_and_Mastering_Body_Co?id=d6e_EAAAQBAJ\" target=\"_blank\" title=\"Get it on Google Play\">\r\n    <div class=\"bookBadge\" data-badgetype=\"googleplay\" alt=\"Get it on Google Play\"><\/div><\/a><\/div>\n<p>&nbsp;<\/p>\n<hr \/>\n<p><strong>Distribu\u00eddo por:<\/strong><\/p>\n<p><a href=\"https:\/\/cobrasurgical.com\/product\/surgical-body-contouring-training-manual-by-yaniris-r-avellanet-md\/\" target=\"_blank\" rel=\"noopener\"><img loading=\"lazy\" decoding=\"async\" class=\"alignnone wp-image-2839\" src=\"https:\/\/dravellanet.com\/wp-content\/uploads\/2023\/05\/CobraSurgical_Logo.jpg\" alt=\"\" width=\"332\" height=\"88\" srcset=\"https:\/\/dravellanet.com\/wp-content\/uploads\/2023\/05\/CobraSurgical_Logo.jpg 660w, https:\/\/dravellanet.com\/wp-content\/uploads\/2023\/05\/CobraSurgical_Logo-530x141.jpg 530w, https:\/\/dravellanet.com\/wp-content\/uploads\/2023\/05\/CobraSurgical_Logo-600x159.jpg 600w\" sizes=\"auto, (max-width: 332px) 100vw, 332px\" \/><\/a><\/p>\n<p><em>Carpeta dura solamente.<\/em><\/p>\n<p>&nbsp;<\/p>\n<p><em style=\"color: #ed2991;\"><strong><br \/>\nAl momento, s\u00f3lo disponible en ingl\u00e9s.<\/strong><\/em><\/p>\n<p>&nbsp;<\/p>\n","protected":false},"excerpt":{"rendered":"<p>Autor: Yaniris R. Avellanet, MD &nbsp; El mundo de la est\u00e9tica est\u00e1 en constante evoluci\u00f3n y la diversidad de profesionales m\u00e9dicos que actualmente ofrece procedimientos est\u00e9ticos est\u00e1 creciendo a niveles [&hellip;]<\/p>\n","protected":false},"featured_media":2554,"comment_status":"open","ping_status":"closed","template":"","meta":{"_acf_changed":false,"_monsterinsights_skip_tracking":false,"_monsterinsights_sitenote_active":false,"_monsterinsights_sitenote_note":"","_monsterinsights_sitenote_category":0,"jetpack_post_was_ever_published":false},"product_brand":[],"product_cat":[282],"product_tag":[],"class_list":{"0":"post-2555","1":"product","2":"type-product","3":"status-publish","4":"has-post-thumbnail","6":"product_cat-avellanet-surgicals-es","8":"first","9":"instock","10":"taxable","11":"shipping-taxable","12":"product-type-simple"},"acf":[],"yoast_head":"<!-- This site is optimized with the Yoast SEO plugin v27.5 - https:\/\/yoast.com\/product\/yoast-seo-wordpress\/ -->\n<title>Avellanet\u00ae Libro de Referencia para Capacitaci\u00f3n en Cirug\u00edas de Contorno Corporal - Avellanet Surgical Aesthetics<\/title>\n<meta name=\"robots\" content=\"index, follow, max-snippet:-1, max-image-preview:large, max-video-preview:-1\" \/>\n<link rel=\"canonical\" href=\"https:\/\/dravellanet.com\/es\/producto\/avellanet-libro-de-referencia-para-capacitacion-en-cirugias-de-contorno-corporal\/\" \/>\n<meta property=\"og:locale\" content=\"es_ES\" \/>\n<meta property=\"og:type\" content=\"article\" \/>\n<meta property=\"og:title\" content=\"Avellanet\u00ae Libro de Referencia para Capacitaci\u00f3n en Cirug\u00edas de Contorno Corporal - Avellanet Surgical Aesthetics\" \/>\n<meta property=\"og:description\" content=\"Autor: Yaniris R. Avellanet, MD &nbsp; El mundo de la est\u00e9tica est\u00e1 en constante evoluci\u00f3n y la diversidad de profesionales m\u00e9dicos que actualmente ofrece procedimientos est\u00e9ticos est\u00e1 creciendo a niveles [&hellip;]\" \/>\n<meta property=\"og:url\" content=\"https:\/\/dravellanet.com\/es\/producto\/avellanet-libro-de-referencia-para-capacitacion-en-cirugias-de-contorno-corporal\/\" \/>\n<meta property=\"og:site_name\" content=\"Avellanet Surgical Aesthetics\" \/>\n<meta property=\"article:modified_time\" content=\"2024-07-30T20:32:52+00:00\" \/>\n<meta property=\"og:image\" content=\"https:\/\/dravellanet.com\/wp-content\/uploads\/2023\/05\/ASA-Manual_Featured-Image.jpg\" \/>\n\t<meta property=\"og:image:width\" content=\"1200\" \/>\n\t<meta property=\"og:image:height\" content=\"1200\" \/>\n\t<meta property=\"og:image:type\" content=\"image\/jpeg\" \/>\n<meta name=\"twitter:card\" content=\"summary_large_image\" \/>\n<meta name=\"twitter:label1\" content=\"Tiempo de lectura\" \/>\n\t<meta name=\"twitter:data1\" content=\"2 minutos\" \/>\n<script type=\"application\/ld+json\" class=\"yoast-schema-graph\">{\"@context\":\"https:\\\/\\\/schema.org\",\"@graph\":[{\"@type\":\"WebPage\",\"@id\":\"https:\\\/\\\/dravellanet.com\\\/es\\\/producto\\\/avellanet-libro-de-referencia-para-capacitacion-en-cirugias-de-contorno-corporal\\\/\",\"url\":\"https:\\\/\\\/dravellanet.com\\\/es\\\/producto\\\/avellanet-libro-de-referencia-para-capacitacion-en-cirugias-de-contorno-corporal\\\/\",\"name\":\"Avellanet\u00ae Libro de Referencia para Capacitaci\u00f3n en Cirug\u00edas de Contorno Corporal - Avellanet Surgical Aesthetics\",\"isPartOf\":{\"@id\":\"https:\\\/\\\/dravellanet.com\\\/es\\\/#website\"},\"primaryImageOfPage\":{\"@id\":\"https:\\\/\\\/dravellanet.com\\\/es\\\/producto\\\/avellanet-libro-de-referencia-para-capacitacion-en-cirugias-de-contorno-corporal\\\/#primaryimage\"},\"image\":{\"@id\":\"https:\\\/\\\/dravellanet.com\\\/es\\\/producto\\\/avellanet-libro-de-referencia-para-capacitacion-en-cirugias-de-contorno-corporal\\\/#primaryimage\"},\"thumbnailUrl\":\"https:\\\/\\\/dravellanet.com\\\/wp-content\\\/uploads\\\/2023\\\/05\\\/ASA-Manual_Featured-Image.jpg\",\"datePublished\":\"2023-05-25T22:53:51+00:00\",\"dateModified\":\"2024-07-30T20:32:52+00:00\",\"breadcrumb\":{\"@id\":\"https:\\\/\\\/dravellanet.com\\\/es\\\/producto\\\/avellanet-libro-de-referencia-para-capacitacion-en-cirugias-de-contorno-corporal\\\/#breadcrumb\"},\"inLanguage\":\"es\",\"potentialAction\":[{\"@type\":\"ReadAction\",\"target\":[\"https:\\\/\\\/dravellanet.com\\\/es\\\/producto\\\/avellanet-libro-de-referencia-para-capacitacion-en-cirugias-de-contorno-corporal\\\/\"]}]},{\"@type\":\"ImageObject\",\"inLanguage\":\"es\",\"@id\":\"https:\\\/\\\/dravellanet.com\\\/es\\\/producto\\\/avellanet-libro-de-referencia-para-capacitacion-en-cirugias-de-contorno-corporal\\\/#primaryimage\",\"url\":\"https:\\\/\\\/dravellanet.com\\\/wp-content\\\/uploads\\\/2023\\\/05\\\/ASA-Manual_Featured-Image.jpg\",\"contentUrl\":\"https:\\\/\\\/dravellanet.com\\\/wp-content\\\/uploads\\\/2023\\\/05\\\/ASA-Manual_Featured-Image.jpg\",\"width\":1200,\"height\":1200},{\"@type\":\"BreadcrumbList\",\"@id\":\"https:\\\/\\\/dravellanet.com\\\/es\\\/producto\\\/avellanet-libro-de-referencia-para-capacitacion-en-cirugias-de-contorno-corporal\\\/#breadcrumb\",\"itemListElement\":[{\"@type\":\"ListItem\",\"position\":1,\"name\":\"Inicio\",\"item\":\"https:\\\/\\\/dravellanet.com\\\/es\\\/\"},{\"@type\":\"ListItem\",\"position\":2,\"name\":\"Boutique Quir\u00fargica\",\"item\":\"https:\\\/\\\/dravellanet.com\\\/es\\\/boutique-quirurgica\\\/\"},{\"@type\":\"ListItem\",\"position\":3,\"name\":\"Avellanet\u00ae Libro de Referencia para Capacitaci\u00f3n en Cirug\u00edas de Contorno Corporal\"}]},{\"@type\":\"WebSite\",\"@id\":\"https:\\\/\\\/dravellanet.com\\\/es\\\/#website\",\"url\":\"https:\\\/\\\/dravellanet.com\\\/es\\\/\",\"name\":\"Avellanet Surgical Aesthetics\",\"description\":\"\",\"publisher\":{\"@id\":\"https:\\\/\\\/dravellanet.com\\\/es\\\/#organization\"},\"potentialAction\":[{\"@type\":\"SearchAction\",\"target\":{\"@type\":\"EntryPoint\",\"urlTemplate\":\"https:\\\/\\\/dravellanet.com\\\/es\\\/?s={search_term_string}\"},\"query-input\":{\"@type\":\"PropertyValueSpecification\",\"valueRequired\":true,\"valueName\":\"search_term_string\"}}],\"inLanguage\":\"es\"},{\"@type\":\"Organization\",\"@id\":\"https:\\\/\\\/dravellanet.com\\\/es\\\/#organization\",\"name\":\"Avellanet Surgical Aesthetics\",\"url\":\"https:\\\/\\\/dravellanet.com\\\/es\\\/\",\"logo\":{\"@type\":\"ImageObject\",\"inLanguage\":\"es\",\"@id\":\"https:\\\/\\\/dravellanet.com\\\/es\\\/#\\\/schema\\\/logo\\\/image\\\/\",\"url\":\"https:\\\/\\\/dravellanet.com\\\/wp-content\\\/uploads\\\/2023\\\/03\\\/Avellanet_Logo_Pink_sm.png\",\"contentUrl\":\"https:\\\/\\\/dravellanet.com\\\/wp-content\\\/uploads\\\/2023\\\/03\\\/Avellanet_Logo_Pink_sm.png\",\"width\":576,\"height\":392,\"caption\":\"Avellanet Surgical Aesthetics\"},\"image\":{\"@id\":\"https:\\\/\\\/dravellanet.com\\\/es\\\/#\\\/schema\\\/logo\\\/image\\\/\"}}]}<\/script>\n<!-- \/ Yoast SEO plugin. -->","yoast_head_json":{"title":"Avellanet\u00ae Libro de Referencia para Capacitaci\u00f3n en Cirug\u00edas de Contorno Corporal - Avellanet Surgical Aesthetics","robots":{"index":"index","follow":"follow","max-snippet":"max-snippet:-1","max-image-preview":"max-image-preview:large","max-video-preview":"max-video-preview:-1"},"canonical":"https:\/\/dravellanet.com\/es\/producto\/avellanet-libro-de-referencia-para-capacitacion-en-cirugias-de-contorno-corporal\/","og_locale":"es_ES","og_type":"article","og_title":"Avellanet\u00ae Libro de Referencia para Capacitaci\u00f3n en Cirug\u00edas de Contorno Corporal - Avellanet Surgical Aesthetics","og_description":"Autor: Yaniris R. Avellanet, MD &nbsp; El mundo de la est\u00e9tica est\u00e1 en constante evoluci\u00f3n y la diversidad de profesionales m\u00e9dicos que actualmente ofrece procedimientos est\u00e9ticos est\u00e1 creciendo a niveles [&hellip;]","og_url":"https:\/\/dravellanet.com\/es\/producto\/avellanet-libro-de-referencia-para-capacitacion-en-cirugias-de-contorno-corporal\/","og_site_name":"Avellanet Surgical Aesthetics","article_modified_time":"2024-07-30T20:32:52+00:00","og_image":[{"width":1200,"height":1200,"url":"https:\/\/dravellanet.com\/wp-content\/uploads\/2023\/05\/ASA-Manual_Featured-Image.jpg","type":"image\/jpeg"}],"twitter_card":"summary_large_image","twitter_misc":{"Tiempo de lectura":"2 minutos"},"schema":{"@context":"https:\/\/schema.org","@graph":[{"@type":"WebPage","@id":"https:\/\/dravellanet.com\/es\/producto\/avellanet-libro-de-referencia-para-capacitacion-en-cirugias-de-contorno-corporal\/","url":"https:\/\/dravellanet.com\/es\/producto\/avellanet-libro-de-referencia-para-capacitacion-en-cirugias-de-contorno-corporal\/","name":"Avellanet\u00ae Libro de Referencia para Capacitaci\u00f3n en Cirug\u00edas de Contorno Corporal - Avellanet Surgical Aesthetics","isPartOf":{"@id":"https:\/\/dravellanet.com\/es\/#website"},"primaryImageOfPage":{"@id":"https:\/\/dravellanet.com\/es\/producto\/avellanet-libro-de-referencia-para-capacitacion-en-cirugias-de-contorno-corporal\/#primaryimage"},"image":{"@id":"https:\/\/dravellanet.com\/es\/producto\/avellanet-libro-de-referencia-para-capacitacion-en-cirugias-de-contorno-corporal\/#primaryimage"},"thumbnailUrl":"https:\/\/dravellanet.com\/wp-content\/uploads\/2023\/05\/ASA-Manual_Featured-Image.jpg","datePublished":"2023-05-25T22:53:51+00:00","dateModified":"2024-07-30T20:32:52+00:00","breadcrumb":{"@id":"https:\/\/dravellanet.com\/es\/producto\/avellanet-libro-de-referencia-para-capacitacion-en-cirugias-de-contorno-corporal\/#breadcrumb"},"inLanguage":"es","potentialAction":[{"@type":"ReadAction","target":["https:\/\/dravellanet.com\/es\/producto\/avellanet-libro-de-referencia-para-capacitacion-en-cirugias-de-contorno-corporal\/"]}]},{"@type":"ImageObject","inLanguage":"es","@id":"https:\/\/dravellanet.com\/es\/producto\/avellanet-libro-de-referencia-para-capacitacion-en-cirugias-de-contorno-corporal\/#primaryimage","url":"https:\/\/dravellanet.com\/wp-content\/uploads\/2023\/05\/ASA-Manual_Featured-Image.jpg","contentUrl":"https:\/\/dravellanet.com\/wp-content\/uploads\/2023\/05\/ASA-Manual_Featured-Image.jpg","width":1200,"height":1200},{"@type":"BreadcrumbList","@id":"https:\/\/dravellanet.com\/es\/producto\/avellanet-libro-de-referencia-para-capacitacion-en-cirugias-de-contorno-corporal\/#breadcrumb","itemListElement":[{"@type":"ListItem","position":1,"name":"Inicio","item":"https:\/\/dravellanet.com\/es\/"},{"@type":"ListItem","position":2,"name":"Boutique Quir\u00fargica","item":"https:\/\/dravellanet.com\/es\/boutique-quirurgica\/"},{"@type":"ListItem","position":3,"name":"Avellanet\u00ae Libro de Referencia para Capacitaci\u00f3n en Cirug\u00edas de Contorno Corporal"}]},{"@type":"WebSite","@id":"https:\/\/dravellanet.com\/es\/#website","url":"https:\/\/dravellanet.com\/es\/","name":"Avellanet Surgical Aesthetics","description":"","publisher":{"@id":"https:\/\/dravellanet.com\/es\/#organization"},"potentialAction":[{"@type":"SearchAction","target":{"@type":"EntryPoint","urlTemplate":"https:\/\/dravellanet.com\/es\/?s={search_term_string}"},"query-input":{"@type":"PropertyValueSpecification","valueRequired":true,"valueName":"search_term_string"}}],"inLanguage":"es"},{"@type":"Organization","@id":"https:\/\/dravellanet.com\/es\/#organization","name":"Avellanet Surgical Aesthetics","url":"https:\/\/dravellanet.com\/es\/","logo":{"@type":"ImageObject","inLanguage":"es","@id":"https:\/\/dravellanet.com\/es\/#\/schema\/logo\/image\/","url":"https:\/\/dravellanet.com\/wp-content\/uploads\/2023\/03\/Avellanet_Logo_Pink_sm.png","contentUrl":"https:\/\/dravellanet.com\/wp-content\/uploads\/2023\/03\/Avellanet_Logo_Pink_sm.png","width":576,"height":392,"caption":"Avellanet Surgical Aesthetics"},"image":{"@id":"https:\/\/dravellanet.com\/es\/#\/schema\/logo\/image\/"}}]}},"jetpack_sharing_enabled":true,"_links":{"self":[{"href":"https:\/\/dravellanet.com\/es\/wp-json\/wp\/v2\/product\/2555","targetHints":{"allow":["GET"]}}],"collection":[{"href":"https:\/\/dravellanet.com\/es\/wp-json\/wp\/v2\/product"}],"about":[{"href":"https:\/\/dravellanet.com\/es\/wp-json\/wp\/v2\/types\/product"}],"replies":[{"embeddable":true,"href":"https:\/\/dravellanet.com\/es\/wp-json\/wp\/v2\/comments?post=2555"}],"wp:featuredmedia":[{"embeddable":true,"href":"https:\/\/dravellanet.com\/es\/wp-json\/wp\/v2\/media\/2554"}],"wp:attachment":[{"href":"https:\/\/dravellanet.com\/es\/wp-json\/wp\/v2\/media?parent=2555"}],"wp:term":[{"taxonomy":"product_brand","embeddable":true,"href":"https:\/\/dravellanet.com\/es\/wp-json\/wp\/v2\/product_brand?post=2555"},{"taxonomy":"product_cat","embeddable":true,"href":"https:\/\/dravellanet.com\/es\/wp-json\/wp\/v2\/product_cat?post=2555"},{"taxonomy":"product_tag","embeddable":true,"href":"https:\/\/dravellanet.com\/es\/wp-json\/wp\/v2\/product_tag?post=2555"}],"curies":[{"name":"wp","href":"https:\/\/api.w.org\/{rel}","templated":true}]}}