{"id":2838,"date":"2023-12-17T13:06:01","date_gmt":"2023-12-17T18:06:01","guid":{"rendered":"https:\/\/dravellanet.com\/?post_type=product&#038;p=2838"},"modified":"2024-09-11T08:34:55","modified_gmt":"2024-09-11T12:34:55","slug":"kit-avellanet-sculpteaze","status":"publish","type":"product","link":"https:\/\/dravellanet.com\/es\/producto\/kit-avellanet-sculpteaze\/","title":{"rendered":"Kit Avellanet\u00ae SculptEaZe"},"content":{"rendered":"<ul class=\"pinkIconBullets\">\n<li>El kit Avellanet\u00ae SculptEaZe fue creado para facilitar el proceso de compra de insumos quir\u00fargicos para casos de liposucci\u00f3n y transferencia de grasa, haciendo de \u00e9ste uno f\u00e1cil, eficiente y organizado.<\/li>\n<li>Todos los insumos quir\u00fargicos necesarios para casos de liposucci\u00f3n y transferencia de grasa est\u00e1n detallados y consolidados convenientemente en un solo paquete.<\/li>\n<li>Con el kit Avellanet\u00ae\u00a0SculptEaZe\u00a0a la mano, se puede transicionar r\u00e1pidamente al quir\u00f3fano, estando as\u00ed, completamente preparado y listo para la cirug\u00eda.<\/li>\n<\/ul>\n<hr \/>\n<p><span style=\"text-decoration: underline;\"><strong>Detalles adicionales:<\/strong><\/span><\/p>\n<p>El kit no contiene ning\u00fan medicamento.<\/p>\n<p>Despu\u00e9s del pedido inicial, los pedidos recurrentes se pueden personalizar para adaptarse a las necesidades de cada equipo quir\u00fargico.<\/p>\n","protected":false},"excerpt":{"rendered":"<p>El kit Avellanet\u00ae SculptEaZe fue creado para facilitar el proceso de compra de insumos quir\u00fargicos para casos de liposucci\u00f3n y transferencia de grasa, haciendo de \u00e9ste uno f\u00e1cil, eficiente y [&hellip;]<\/p>\n","protected":false},"featured_media":2835,"comment_status":"open","ping_status":"closed","template":"","meta":{"_acf_changed":false,"_monsterinsights_skip_tracking":false,"_monsterinsights_sitenote_active":false,"_monsterinsights_sitenote_note":"","_monsterinsights_sitenote_category":0,"jetpack_post_was_ever_published":false},"product_brand":[],"product_cat":[282],"product_tag":[],"class_list":{"0":"post-2838","1":"product","2":"type-product","3":"status-publish","4":"has-post-thumbnail","6":"product_cat-avellanet-surgicals-es","8":"first","9":"outofstock","10":"taxable","11":"shipping-taxable","12":"purchasable","13":"product-type-simple"},"acf":[],"yoast_head":"<!-- This site is optimized with the Yoast SEO plugin v27.3 - https:\/\/yoast.com\/product\/yoast-seo-wordpress\/ -->\n<title>Kit Avellanet\u00ae SculptEaZe - Avellanet Surgical Aesthetics<\/title>\n<meta name=\"robots\" content=\"index, follow, max-snippet:-1, max-image-preview:large, max-video-preview:-1\" \/>\n<link rel=\"canonical\" href=\"https:\/\/dravellanet.com\/es\/producto\/kit-avellanet-sculpteaze\/\" \/>\n<meta property=\"og:locale\" content=\"es_ES\" \/>\n<meta property=\"og:type\" content=\"article\" \/>\n<meta property=\"og:title\" content=\"Kit Avellanet\u00ae SculptEaZe - Avellanet Surgical Aesthetics\" \/>\n<meta property=\"og:description\" content=\"El kit Avellanet\u00ae SculptEaZe fue creado para facilitar el proceso de compra de insumos quir\u00fargicos para casos de liposucci\u00f3n y transferencia de grasa, haciendo de \u00e9ste uno f\u00e1cil, eficiente y [&hellip;]\" \/>\n<meta property=\"og:url\" content=\"https:\/\/dravellanet.com\/es\/producto\/kit-avellanet-sculpteaze\/\" \/>\n<meta property=\"og:site_name\" content=\"Avellanet Surgical Aesthetics\" \/>\n<meta property=\"article:modified_time\" content=\"2024-09-11T12:34:55+00:00\" \/>\n<meta property=\"og:image\" content=\"https:\/\/dravellanet.com\/wp-content\/uploads\/2023\/12\/SculptEaZe-Kit_299.jpg\" \/>\n\t<meta property=\"og:image:width\" content=\"1920\" \/>\n\t<meta property=\"og:image:height\" content=\"1280\" \/>\n\t<meta property=\"og:image:type\" content=\"image\/jpeg\" \/>\n<meta name=\"twitter:card\" content=\"summary_large_image\" \/>\n<meta name=\"twitter:label1\" content=\"Tiempo de lectura\" \/>\n\t<meta name=\"twitter:data1\" content=\"1 minuto\" \/>\n<script type=\"application\/ld+json\" class=\"yoast-schema-graph\">{\"@context\":\"https:\\\/\\\/schema.org\",\"@graph\":[{\"@type\":\"WebPage\",\"@id\":\"https:\\\/\\\/dravellanet.com\\\/es\\\/producto\\\/kit-avellanet-sculpteaze\\\/\",\"url\":\"https:\\\/\\\/dravellanet.com\\\/es\\\/producto\\\/kit-avellanet-sculpteaze\\\/\",\"name\":\"Kit Avellanet\u00ae SculptEaZe - Avellanet Surgical Aesthetics\",\"isPartOf\":{\"@id\":\"https:\\\/\\\/dravellanet.com\\\/es\\\/#website\"},\"primaryImageOfPage\":{\"@id\":\"https:\\\/\\\/dravellanet.com\\\/es\\\/producto\\\/kit-avellanet-sculpteaze\\\/#primaryimage\"},\"image\":{\"@id\":\"https:\\\/\\\/dravellanet.com\\\/es\\\/producto\\\/kit-avellanet-sculpteaze\\\/#primaryimage\"},\"thumbnailUrl\":\"https:\\\/\\\/dravellanet.com\\\/wp-content\\\/uploads\\\/2023\\\/12\\\/SculptEaZe-Kit_299.jpg\",\"datePublished\":\"2023-12-17T18:06:01+00:00\",\"dateModified\":\"2024-09-11T12:34:55+00:00\",\"breadcrumb\":{\"@id\":\"https:\\\/\\\/dravellanet.com\\\/es\\\/producto\\\/kit-avellanet-sculpteaze\\\/#breadcrumb\"},\"inLanguage\":\"es\",\"potentialAction\":[{\"@type\":\"ReadAction\",\"target\":[\"https:\\\/\\\/dravellanet.com\\\/es\\\/producto\\\/kit-avellanet-sculpteaze\\\/\"]}]},{\"@type\":\"ImageObject\",\"inLanguage\":\"es\",\"@id\":\"https:\\\/\\\/dravellanet.com\\\/es\\\/producto\\\/kit-avellanet-sculpteaze\\\/#primaryimage\",\"url\":\"https:\\\/\\\/dravellanet.com\\\/wp-content\\\/uploads\\\/2023\\\/12\\\/SculptEaZe-Kit_299.jpg\",\"contentUrl\":\"https:\\\/\\\/dravellanet.com\\\/wp-content\\\/uploads\\\/2023\\\/12\\\/SculptEaZe-Kit_299.jpg\",\"width\":1920,\"height\":1280},{\"@type\":\"BreadcrumbList\",\"@id\":\"https:\\\/\\\/dravellanet.com\\\/es\\\/producto\\\/kit-avellanet-sculpteaze\\\/#breadcrumb\",\"itemListElement\":[{\"@type\":\"ListItem\",\"position\":1,\"name\":\"Inicio\",\"item\":\"https:\\\/\\\/dravellanet.com\\\/es\\\/\"},{\"@type\":\"ListItem\",\"position\":2,\"name\":\"Boutique Quir\u00fargica\",\"item\":\"https:\\\/\\\/dravellanet.com\\\/es\\\/boutique-quirurgica\\\/\"},{\"@type\":\"ListItem\",\"position\":3,\"name\":\"Kit Avellanet\u00ae SculptEaZe\"}]},{\"@type\":\"WebSite\",\"@id\":\"https:\\\/\\\/dravellanet.com\\\/es\\\/#website\",\"url\":\"https:\\\/\\\/dravellanet.com\\\/es\\\/\",\"name\":\"Avellanet Surgical Aesthetics\",\"description\":\"\",\"publisher\":{\"@id\":\"https:\\\/\\\/dravellanet.com\\\/es\\\/#organization\"},\"potentialAction\":[{\"@type\":\"SearchAction\",\"target\":{\"@type\":\"EntryPoint\",\"urlTemplate\":\"https:\\\/\\\/dravellanet.com\\\/es\\\/?s={search_term_string}\"},\"query-input\":{\"@type\":\"PropertyValueSpecification\",\"valueRequired\":true,\"valueName\":\"search_term_string\"}}],\"inLanguage\":\"es\"},{\"@type\":\"Organization\",\"@id\":\"https:\\\/\\\/dravellanet.com\\\/es\\\/#organization\",\"name\":\"Avellanet Surgical Aesthetics\",\"url\":\"https:\\\/\\\/dravellanet.com\\\/es\\\/\",\"logo\":{\"@type\":\"ImageObject\",\"inLanguage\":\"es\",\"@id\":\"https:\\\/\\\/dravellanet.com\\\/es\\\/#\\\/schema\\\/logo\\\/image\\\/\",\"url\":\"https:\\\/\\\/dravellanet.com\\\/wp-content\\\/uploads\\\/2023\\\/03\\\/Avellanet_Logo_Pink_sm.png\",\"contentUrl\":\"https:\\\/\\\/dravellanet.com\\\/wp-content\\\/uploads\\\/2023\\\/03\\\/Avellanet_Logo_Pink_sm.png\",\"width\":576,\"height\":392,\"caption\":\"Avellanet Surgical Aesthetics\"},\"image\":{\"@id\":\"https:\\\/\\\/dravellanet.com\\\/es\\\/#\\\/schema\\\/logo\\\/image\\\/\"}}]}<\/script>\n<!-- \/ Yoast SEO plugin. -->","yoast_head_json":{"title":"Kit Avellanet\u00ae SculptEaZe - Avellanet Surgical Aesthetics","robots":{"index":"index","follow":"follow","max-snippet":"max-snippet:-1","max-image-preview":"max-image-preview:large","max-video-preview":"max-video-preview:-1"},"canonical":"https:\/\/dravellanet.com\/es\/producto\/kit-avellanet-sculpteaze\/","og_locale":"es_ES","og_type":"article","og_title":"Kit Avellanet\u00ae SculptEaZe - Avellanet Surgical Aesthetics","og_description":"El kit Avellanet\u00ae SculptEaZe fue creado para facilitar el proceso de compra de insumos quir\u00fargicos para casos de liposucci\u00f3n y transferencia de grasa, haciendo de \u00e9ste uno f\u00e1cil, eficiente y [&hellip;]","og_url":"https:\/\/dravellanet.com\/es\/producto\/kit-avellanet-sculpteaze\/","og_site_name":"Avellanet Surgical Aesthetics","article_modified_time":"2024-09-11T12:34:55+00:00","og_image":[{"width":1920,"height":1280,"url":"https:\/\/dravellanet.com\/wp-content\/uploads\/2023\/12\/SculptEaZe-Kit_299.jpg","type":"image\/jpeg"}],"twitter_card":"summary_large_image","twitter_misc":{"Tiempo de lectura":"1 minuto"},"schema":{"@context":"https:\/\/schema.org","@graph":[{"@type":"WebPage","@id":"https:\/\/dravellanet.com\/es\/producto\/kit-avellanet-sculpteaze\/","url":"https:\/\/dravellanet.com\/es\/producto\/kit-avellanet-sculpteaze\/","name":"Kit Avellanet\u00ae SculptEaZe - Avellanet Surgical Aesthetics","isPartOf":{"@id":"https:\/\/dravellanet.com\/es\/#website"},"primaryImageOfPage":{"@id":"https:\/\/dravellanet.com\/es\/producto\/kit-avellanet-sculpteaze\/#primaryimage"},"image":{"@id":"https:\/\/dravellanet.com\/es\/producto\/kit-avellanet-sculpteaze\/#primaryimage"},"thumbnailUrl":"https:\/\/dravellanet.com\/wp-content\/uploads\/2023\/12\/SculptEaZe-Kit_299.jpg","datePublished":"2023-12-17T18:06:01+00:00","dateModified":"2024-09-11T12:34:55+00:00","breadcrumb":{"@id":"https:\/\/dravellanet.com\/es\/producto\/kit-avellanet-sculpteaze\/#breadcrumb"},"inLanguage":"es","potentialAction":[{"@type":"ReadAction","target":["https:\/\/dravellanet.com\/es\/producto\/kit-avellanet-sculpteaze\/"]}]},{"@type":"ImageObject","inLanguage":"es","@id":"https:\/\/dravellanet.com\/es\/producto\/kit-avellanet-sculpteaze\/#primaryimage","url":"https:\/\/dravellanet.com\/wp-content\/uploads\/2023\/12\/SculptEaZe-Kit_299.jpg","contentUrl":"https:\/\/dravellanet.com\/wp-content\/uploads\/2023\/12\/SculptEaZe-Kit_299.jpg","width":1920,"height":1280},{"@type":"BreadcrumbList","@id":"https:\/\/dravellanet.com\/es\/producto\/kit-avellanet-sculpteaze\/#breadcrumb","itemListElement":[{"@type":"ListItem","position":1,"name":"Inicio","item":"https:\/\/dravellanet.com\/es\/"},{"@type":"ListItem","position":2,"name":"Boutique Quir\u00fargica","item":"https:\/\/dravellanet.com\/es\/boutique-quirurgica\/"},{"@type":"ListItem","position":3,"name":"Kit Avellanet\u00ae SculptEaZe"}]},{"@type":"WebSite","@id":"https:\/\/dravellanet.com\/es\/#website","url":"https:\/\/dravellanet.com\/es\/","name":"Avellanet Surgical Aesthetics","description":"","publisher":{"@id":"https:\/\/dravellanet.com\/es\/#organization"},"potentialAction":[{"@type":"SearchAction","target":{"@type":"EntryPoint","urlTemplate":"https:\/\/dravellanet.com\/es\/?s={search_term_string}"},"query-input":{"@type":"PropertyValueSpecification","valueRequired":true,"valueName":"search_term_string"}}],"inLanguage":"es"},{"@type":"Organization","@id":"https:\/\/dravellanet.com\/es\/#organization","name":"Avellanet Surgical Aesthetics","url":"https:\/\/dravellanet.com\/es\/","logo":{"@type":"ImageObject","inLanguage":"es","@id":"https:\/\/dravellanet.com\/es\/#\/schema\/logo\/image\/","url":"https:\/\/dravellanet.com\/wp-content\/uploads\/2023\/03\/Avellanet_Logo_Pink_sm.png","contentUrl":"https:\/\/dravellanet.com\/wp-content\/uploads\/2023\/03\/Avellanet_Logo_Pink_sm.png","width":576,"height":392,"caption":"Avellanet Surgical Aesthetics"},"image":{"@id":"https:\/\/dravellanet.com\/es\/#\/schema\/logo\/image\/"}}]}},"jetpack_sharing_enabled":false,"_links":{"self":[{"href":"https:\/\/dravellanet.com\/es\/wp-json\/wp\/v2\/product\/2838","targetHints":{"allow":["GET"]}}],"collection":[{"href":"https:\/\/dravellanet.com\/es\/wp-json\/wp\/v2\/product"}],"about":[{"href":"https:\/\/dravellanet.com\/es\/wp-json\/wp\/v2\/types\/product"}],"replies":[{"embeddable":true,"href":"https:\/\/dravellanet.com\/es\/wp-json\/wp\/v2\/comments?post=2838"}],"wp:featuredmedia":[{"embeddable":true,"href":"https:\/\/dravellanet.com\/es\/wp-json\/wp\/v2\/media\/2835"}],"wp:attachment":[{"href":"https:\/\/dravellanet.com\/es\/wp-json\/wp\/v2\/media?parent=2838"}],"wp:term":[{"taxonomy":"product_brand","embeddable":true,"href":"https:\/\/dravellanet.com\/es\/wp-json\/wp\/v2\/product_brand?post=2838"},{"taxonomy":"product_cat","embeddable":true,"href":"https:\/\/dravellanet.com\/es\/wp-json\/wp\/v2\/product_cat?post=2838"},{"taxonomy":"product_tag","embeddable":true,"href":"https:\/\/dravellanet.com\/es\/wp-json\/wp\/v2\/product_tag?post=2838"}],"curies":[{"name":"wp","href":"https:\/\/api.w.org\/{rel}","templated":true}]}}